{"id":542,"date":"2025-08-11T22:49:43","date_gmt":"2025-08-11T22:49:43","guid":{"rendered":"https:\/\/liberacionprogresiva.com\/?post_type=product&#038;p=542"},"modified":"2025-08-11T22:49:43","modified_gmt":"2025-08-11T22:49:43","slug":"auto-liberacion-ydiscipulado-nivel-2-el-imperio-de-la-carne","status":"publish","type":"product","link":"https:\/\/liberacionprogresiva.com\/en\/product\/auto-liberacion-ydiscipulado-nivel-2-el-imperio-de-la-carne\/","title":{"rendered":"SELF-LIBERATION AND DISCIPLESHIP \u2013 LEVEL 2 (The Empire of the Flesh)"},"content":{"rendered":"<div style=\"width: 1920px;\" class=\"wp-video\"><video class=\"wp-video-shortcode\" id=\"video-542-1\" width=\"1920\" height=\"1080\" preload=\"metadata\" controls=\"controls\"><source type=\"video\/mp4\" src=\"https:\/\/liberacionprogresiva.com\/wp-content\/uploads\/2025\/08\/autoliberacionydiscipulado-nivel-2.mp4?_=1\" \/><a href=\"https:\/\/liberacionprogresiva.com\/wp-content\/uploads\/2025\/08\/autoliberacionydiscipulado-nivel-2.mp4\">https:\/\/liberacionprogresiva.com\/wp-content\/uploads\/2025\/08\/autoliberacionydiscipulado-nivel-2.mp4<\/a><\/video><\/div>\n<p>Self-liberation and discipleship are possible when we are monitored, educated, trained, and demand personal effort from ourselves. The purpose of this level is to reach the roots, exploring the trunk, branches, leaves, and fruit of the tree, for complete realization and a true diagnosis. This book explores the physical, emotional, mental, and spiritual aspects; it can also be done confidentially.<\/p>\n<p>&nbsp;<\/p>\n<p>Author Pastor Omar Figueras<\/p>\n<p><img data-recalc-dims=\"1\" decoding=\"async\" class=\"size-thumbnail wp-image-545\" src=\"https:\/\/i0.wp.com\/liberacionprogresiva.com\/wp-content\/uploads\/2025\/08\/AutoLiberacionYDiscipulado-Aprenda-Liberarse-Nivel-2-el-Imperio-de-la-Carne-el-veneno-mortal.png?resize=90%2C150&#038;ssl=1\" alt=\"EBook\" width=\"90\" height=\"150\" srcset=\"https:\/\/i0.wp.com\/liberacionprogresiva.com\/wp-content\/uploads\/2025\/08\/AutoLiberacionYDiscipulado-Aprenda-Liberarse-Nivel-2-el-Imperio-de-la-Carne-el-veneno-mortal.png?resize=90%2C150&amp;ssl=1 90w, https:\/\/i0.wp.com\/liberacionprogresiva.com\/wp-content\/uploads\/2025\/08\/AutoLiberacionYDiscipulado-Aprenda-Liberarse-Nivel-2-el-Imperio-de-la-Carne-el-veneno-mortal.png?resize=180%2C300&amp;ssl=1 180w, https:\/\/i0.wp.com\/liberacionprogresiva.com\/wp-content\/uploads\/2025\/08\/AutoLiberacionYDiscipulado-Aprenda-Liberarse-Nivel-2-el-Imperio-de-la-Carne-el-veneno-mortal.png?resize=7%2C12&amp;ssl=1 7w, https:\/\/i0.wp.com\/liberacionprogresiva.com\/wp-content\/uploads\/2025\/08\/AutoLiberacionYDiscipulado-Aprenda-Liberarse-Nivel-2-el-Imperio-de-la-Carne-el-veneno-mortal.png?w=291&amp;ssl=1 291w\" sizes=\"(max-width: 90px) 100vw, 90px\" \/><\/p>","protected":false},"excerpt":{"rendered":"<p>Self-liberation and discipleship are possible when we are monitored, educated, trained, and demand personal effort from ourselves. The purpose of this level is to reach the roots, exploring the trunk, branches, leaves, and fruit of the tree, for complete realization and a true diagnosis. This book explores the physical, emotional, mental, and spiritual aspects; it can also be done confidentially.<\/p>\n<p>Author Pastor Omar Figueras<\/p>","protected":false},"featured_media":545,"comment_status":"open","ping_status":"closed","template":"","meta":{"nf_dc_page":"","om_disable_all_campaigns":false,"_monsterinsights_skip_tracking":false,"_monsterinsights_sitenote_active":false,"_monsterinsights_sitenote_note":"","_monsterinsights_sitenote_category":0,"_uf_show_specific_survey":0,"_uf_disable_surveys":false},"product_brand":[55],"product_cat":[54,52,39],"product_tag":[81,82],"class_list":{"0":"post-542","1":"product","2":"type-product","3":"status-publish","4":"has-post-thumbnail","6":"product_brand-ebooks","7":"product_cat-ebook","8":"product_cat-escuela","9":"product_cat-oracion","10":"product_tag-autoromarfigueras","11":"product_tag-jesusellibertador","13":"first","14":"instock","15":"sale","16":"shipping-taxable","17":"purchasable","18":"product-type-simple"},"aioseo_notices":[],"yoast_head":"<!-- This site is optimized with the Yoast SEO plugin v27.5 - https:\/\/yoast.com\/product\/yoast-seo-wordpress\/ -->\n<title>AUTO LIBERACION YDISCIPULADO - NIVEL 2 (El Imperio De La Carne) - Bienvenidos a Liberaci\u00f3n Progresiva<\/title>\n<meta name=\"robots\" content=\"index, follow, max-snippet:-1, max-image-preview:large, max-video-preview:-1\" \/>\n<link rel=\"canonical\" href=\"https:\/\/liberacionprogresiva.com\/en\/product\/auto-liberacion-ydiscipulado-nivel-2-el-imperio-de-la-carne\/\" \/>\n<meta property=\"og:locale\" content=\"en_US\" \/>\n<meta property=\"og:type\" content=\"article\" \/>\n<meta property=\"og:title\" content=\"AUTO LIBERACION YDISCIPULADO - NIVEL 2 (El Imperio De La Carne) - Bienvenidos a Liberaci\u00f3n Progresiva\" \/>\n<meta property=\"og:description\" content=\"Auto liberaci\u00f3n y el discipulado es algo posible, cuando somos monitoreados, educados, entrenados y nos exigimos un esfuerzo personal. El prop\u00f3sito de este nivel es llegar a las ra\u00edces, explorar el tronco, ramas, hojas y los frutos del \u00e1rbol, para una realizaci\u00f3n completa y un diagn\u00f3stico real. Este libro explora lo F\u00edsico, Emocional, Mental y Espiritual; tambi\u00e9n es algo que puede hacerse de forma confidencial.  Autor Pastor Omar Figueras\" \/>\n<meta property=\"og:url\" content=\"https:\/\/liberacionprogresiva.com\/en\/product\/auto-liberacion-ydiscipulado-nivel-2-el-imperio-de-la-carne\/\" \/>\n<meta property=\"og:site_name\" content=\"Bienvenidos a Liberaci\u00f3n Progresiva\" \/>\n<meta property=\"article:publisher\" content=\"https:\/\/www.facebook.com\/liberacionprogresiva\" \/>\n<meta property=\"og:image\" content=\"https:\/\/liberacionprogresiva.com\/wp-content\/uploads\/2025\/08\/AutoLiberacionYDiscipulado-Aprenda-Liberarse-Nivel-2-el-Imperio-de-la-Carne-el-veneno-mortal.png\" \/>\n\t<meta property=\"og:image:width\" content=\"291\" \/>\n\t<meta property=\"og:image:height\" content=\"485\" \/>\n\t<meta property=\"og:image:type\" content=\"image\/png\" \/>\n<meta name=\"twitter:card\" content=\"summary_large_image\" \/>\n<script type=\"application\/ld+json\" class=\"yoast-schema-graph\">{\"@context\":\"https:\\\/\\\/schema.org\",\"@graph\":[{\"@type\":\"WebPage\",\"@id\":\"https:\\\/\\\/liberacionprogresiva.com\\\/product\\\/auto-liberacion-ydiscipulado-nivel-2-el-imperio-de-la-carne\\\/\",\"url\":\"https:\\\/\\\/liberacionprogresiva.com\\\/product\\\/auto-liberacion-ydiscipulado-nivel-2-el-imperio-de-la-carne\\\/\",\"name\":\"AUTO LIBERACION YDISCIPULADO - NIVEL 2 (El Imperio De La Carne) - Bienvenidos a Liberaci\u00f3n Progresiva\",\"isPartOf\":{\"@id\":\"https:\\\/\\\/liberacionprogresiva.com\\\/#website\"},\"primaryImageOfPage\":{\"@id\":\"https:\\\/\\\/liberacionprogresiva.com\\\/product\\\/auto-liberacion-ydiscipulado-nivel-2-el-imperio-de-la-carne\\\/#primaryimage\"},\"image\":{\"@id\":\"https:\\\/\\\/liberacionprogresiva.com\\\/product\\\/auto-liberacion-ydiscipulado-nivel-2-el-imperio-de-la-carne\\\/#primaryimage\"},\"thumbnailUrl\":\"https:\\\/\\\/i0.wp.com\\\/liberacionprogresiva.com\\\/wp-content\\\/uploads\\\/2025\\\/08\\\/AutoLiberacionYDiscipulado-Aprenda-Liberarse-Nivel-2-el-Imperio-de-la-Carne-el-veneno-mortal.png?fit=291%2C485&ssl=1\",\"datePublished\":\"2025-08-11T22:49:43+00:00\",\"breadcrumb\":{\"@id\":\"https:\\\/\\\/liberacionprogresiva.com\\\/product\\\/auto-liberacion-ydiscipulado-nivel-2-el-imperio-de-la-carne\\\/#breadcrumb\"},\"inLanguage\":\"en-US\",\"potentialAction\":[{\"@type\":\"ReadAction\",\"target\":[\"https:\\\/\\\/liberacionprogresiva.com\\\/product\\\/auto-liberacion-ydiscipulado-nivel-2-el-imperio-de-la-carne\\\/\"]}]},{\"@type\":\"ImageObject\",\"inLanguage\":\"en-US\",\"@id\":\"https:\\\/\\\/liberacionprogresiva.com\\\/product\\\/auto-liberacion-ydiscipulado-nivel-2-el-imperio-de-la-carne\\\/#primaryimage\",\"url\":\"https:\\\/\\\/i0.wp.com\\\/liberacionprogresiva.com\\\/wp-content\\\/uploads\\\/2025\\\/08\\\/AutoLiberacionYDiscipulado-Aprenda-Liberarse-Nivel-2-el-Imperio-de-la-Carne-el-veneno-mortal.png?fit=291%2C485&ssl=1\",\"contentUrl\":\"https:\\\/\\\/i0.wp.com\\\/liberacionprogresiva.com\\\/wp-content\\\/uploads\\\/2025\\\/08\\\/AutoLiberacionYDiscipulado-Aprenda-Liberarse-Nivel-2-el-Imperio-de-la-Carne-el-veneno-mortal.png?fit=291%2C485&ssl=1\",\"width\":291,\"height\":485,\"caption\":\"Buy this ebook now!\"},{\"@type\":\"BreadcrumbList\",\"@id\":\"https:\\\/\\\/liberacionprogresiva.com\\\/product\\\/auto-liberacion-ydiscipulado-nivel-2-el-imperio-de-la-carne\\\/#breadcrumb\",\"itemListElement\":[{\"@type\":\"ListItem\",\"position\":1,\"name\":\"Home\",\"item\":\"https:\\\/\\\/liberacionprogresiva.com\\\/\"},{\"@type\":\"ListItem\",\"position\":2,\"name\":\"Tienda\",\"item\":\"https:\\\/\\\/liberacionprogresiva.com\\\/tienda\\\/\"},{\"@type\":\"ListItem\",\"position\":3,\"name\":\"AUTO LIBERACION YDISCIPULADO &#8211; NIVEL 2 (El Imperio De La Carne)\"}]},{\"@type\":\"WebSite\",\"@id\":\"https:\\\/\\\/liberacionprogresiva.com\\\/#website\",\"url\":\"https:\\\/\\\/liberacionprogresiva.com\\\/\",\"name\":\"Liberaci\u00f3n Progresiva\",\"description\":\"Liberacion Progresiva\",\"publisher\":{\"@id\":\"https:\\\/\\\/liberacionprogresiva.com\\\/#organization\"},\"potentialAction\":[{\"@type\":\"SearchAction\",\"target\":{\"@type\":\"EntryPoint\",\"urlTemplate\":\"https:\\\/\\\/liberacionprogresiva.com\\\/?s={search_term_string}\"},\"query-input\":{\"@type\":\"PropertyValueSpecification\",\"valueRequired\":true,\"valueName\":\"search_term_string\"}}],\"inLanguage\":\"en-US\"},{\"@type\":\"Organization\",\"@id\":\"https:\\\/\\\/liberacionprogresiva.com\\\/#organization\",\"name\":\"Liberaci\u00f3n Progresiva\",\"url\":\"https:\\\/\\\/liberacionprogresiva.com\\\/\",\"logo\":{\"@type\":\"ImageObject\",\"inLanguage\":\"en-US\",\"@id\":\"https:\\\/\\\/liberacionprogresiva.com\\\/#\\\/schema\\\/logo\\\/image\\\/\",\"url\":\"https:\\\/\\\/i0.wp.com\\\/liberacionprogresiva.com\\\/wp-content\\\/uploads\\\/2024\\\/10\\\/Liberacion-Progresiva-Pastor-Omar-Figueras-liberacionprogresiva-doxidonut-1-1.png?fit=2000%2C2000&ssl=1\",\"contentUrl\":\"https:\\\/\\\/i0.wp.com\\\/liberacionprogresiva.com\\\/wp-content\\\/uploads\\\/2024\\\/10\\\/Liberacion-Progresiva-Pastor-Omar-Figueras-liberacionprogresiva-doxidonut-1-1.png?fit=2000%2C2000&ssl=1\",\"width\":2000,\"height\":2000,\"caption\":\"Liberaci\u00f3n Progresiva\"},\"image\":{\"@id\":\"https:\\\/\\\/liberacionprogresiva.com\\\/#\\\/schema\\\/logo\\\/image\\\/\"},\"sameAs\":[\"https:\\\/\\\/www.facebook.com\\\/liberacionprogresiva\",\"https:\\\/\\\/www.t.me\\\/liberacionprogresiva\",\"https:\\\/\\\/www.instagram.com\\\/liberacionprogresiva\",\"https:\\\/\\\/www.pinterest.com\\\/liberacionprogresiva\",\"https:\\\/\\\/www.linkedin.com\\\/in\\\/liberacionprogresiva\",\"https:\\\/\\\/www.tumblr.com\\\/liberacionprogresiva\"]}]}<\/script>\n<!-- \/ Yoast SEO plugin. -->","yoast_head_json":{"title":"AUTO LIBERACION YDISCIPULADO - NIVEL 2 (El Imperio De La Carne) - Bienvenidos a Liberaci\u00f3n Progresiva","robots":{"index":"index","follow":"follow","max-snippet":"max-snippet:-1","max-image-preview":"max-image-preview:large","max-video-preview":"max-video-preview:-1"},"canonical":"https:\/\/liberacionprogresiva.com\/en\/product\/auto-liberacion-ydiscipulado-nivel-2-el-imperio-de-la-carne\/","og_locale":"en_US","og_type":"article","og_title":"AUTO LIBERACION YDISCIPULADO - NIVEL 2 (El Imperio De La Carne) - Bienvenidos a Liberaci\u00f3n Progresiva","og_description":"Auto liberaci\u00f3n y el discipulado es algo posible, cuando somos monitoreados, educados, entrenados y nos exigimos un esfuerzo personal. El prop\u00f3sito de este nivel es llegar a las ra\u00edces, explorar el tronco, ramas, hojas y los frutos del \u00e1rbol, para una realizaci\u00f3n completa y un diagn\u00f3stico real. Este libro explora lo F\u00edsico, Emocional, Mental y Espiritual; tambi\u00e9n es algo que puede hacerse de forma confidencial.  Autor Pastor Omar Figueras","og_url":"https:\/\/liberacionprogresiva.com\/en\/product\/auto-liberacion-ydiscipulado-nivel-2-el-imperio-de-la-carne\/","og_site_name":"Bienvenidos a Liberaci\u00f3n Progresiva","article_publisher":"https:\/\/www.facebook.com\/liberacionprogresiva","og_image":[{"width":291,"height":485,"url":"https:\/\/liberacionprogresiva.com\/wp-content\/uploads\/2025\/08\/AutoLiberacionYDiscipulado-Aprenda-Liberarse-Nivel-2-el-Imperio-de-la-Carne-el-veneno-mortal.png","type":"image\/png"}],"twitter_card":"summary_large_image","schema":{"@context":"https:\/\/schema.org","@graph":[{"@type":"WebPage","@id":"https:\/\/liberacionprogresiva.com\/product\/auto-liberacion-ydiscipulado-nivel-2-el-imperio-de-la-carne\/","url":"https:\/\/liberacionprogresiva.com\/product\/auto-liberacion-ydiscipulado-nivel-2-el-imperio-de-la-carne\/","name":"AUTO LIBERACION YDISCIPULADO - NIVEL 2 (El Imperio De La Carne) - Bienvenidos a Liberaci\u00f3n Progresiva","isPartOf":{"@id":"https:\/\/liberacionprogresiva.com\/#website"},"primaryImageOfPage":{"@id":"https:\/\/liberacionprogresiva.com\/product\/auto-liberacion-ydiscipulado-nivel-2-el-imperio-de-la-carne\/#primaryimage"},"image":{"@id":"https:\/\/liberacionprogresiva.com\/product\/auto-liberacion-ydiscipulado-nivel-2-el-imperio-de-la-carne\/#primaryimage"},"thumbnailUrl":"https:\/\/i0.wp.com\/liberacionprogresiva.com\/wp-content\/uploads\/2025\/08\/AutoLiberacionYDiscipulado-Aprenda-Liberarse-Nivel-2-el-Imperio-de-la-Carne-el-veneno-mortal.png?fit=291%2C485&ssl=1","datePublished":"2025-08-11T22:49:43+00:00","breadcrumb":{"@id":"https:\/\/liberacionprogresiva.com\/product\/auto-liberacion-ydiscipulado-nivel-2-el-imperio-de-la-carne\/#breadcrumb"},"inLanguage":"en-US","potentialAction":[{"@type":"ReadAction","target":["https:\/\/liberacionprogresiva.com\/product\/auto-liberacion-ydiscipulado-nivel-2-el-imperio-de-la-carne\/"]}]},{"@type":"ImageObject","inLanguage":"en-US","@id":"https:\/\/liberacionprogresiva.com\/product\/auto-liberacion-ydiscipulado-nivel-2-el-imperio-de-la-carne\/#primaryimage","url":"https:\/\/i0.wp.com\/liberacionprogresiva.com\/wp-content\/uploads\/2025\/08\/AutoLiberacionYDiscipulado-Aprenda-Liberarse-Nivel-2-el-Imperio-de-la-Carne-el-veneno-mortal.png?fit=291%2C485&ssl=1","contentUrl":"https:\/\/i0.wp.com\/liberacionprogresiva.com\/wp-content\/uploads\/2025\/08\/AutoLiberacionYDiscipulado-Aprenda-Liberarse-Nivel-2-el-Imperio-de-la-Carne-el-veneno-mortal.png?fit=291%2C485&ssl=1","width":291,"height":485,"caption":"Buy this ebook now!"},{"@type":"BreadcrumbList","@id":"https:\/\/liberacionprogresiva.com\/product\/auto-liberacion-ydiscipulado-nivel-2-el-imperio-de-la-carne\/#breadcrumb","itemListElement":[{"@type":"ListItem","position":1,"name":"Home","item":"https:\/\/liberacionprogresiva.com\/"},{"@type":"ListItem","position":2,"name":"Tienda","item":"https:\/\/liberacionprogresiva.com\/tienda\/"},{"@type":"ListItem","position":3,"name":"AUTO LIBERACION YDISCIPULADO &#8211; NIVEL 2 (El Imperio De La Carne)"}]},{"@type":"WebSite","@id":"https:\/\/liberacionprogresiva.com\/#website","url":"https:\/\/liberacionprogresiva.com\/","name":"Progressive Release","description":"Progressive Release","publisher":{"@id":"https:\/\/liberacionprogresiva.com\/#organization"},"potentialAction":[{"@type":"SearchAction","target":{"@type":"EntryPoint","urlTemplate":"https:\/\/liberacionprogresiva.com\/?s={search_term_string}"},"query-input":{"@type":"PropertyValueSpecification","valueRequired":true,"valueName":"search_term_string"}}],"inLanguage":"en-US"},{"@type":"Organization","@id":"https:\/\/liberacionprogresiva.com\/#organization","name":"Progressive Release","url":"https:\/\/liberacionprogresiva.com\/","logo":{"@type":"ImageObject","inLanguage":"en-US","@id":"https:\/\/liberacionprogresiva.com\/#\/schema\/logo\/image\/","url":"https:\/\/i0.wp.com\/liberacionprogresiva.com\/wp-content\/uploads\/2024\/10\/Liberacion-Progresiva-Pastor-Omar-Figueras-liberacionprogresiva-doxidonut-1-1.png?fit=2000%2C2000&ssl=1","contentUrl":"https:\/\/i0.wp.com\/liberacionprogresiva.com\/wp-content\/uploads\/2024\/10\/Liberacion-Progresiva-Pastor-Omar-Figueras-liberacionprogresiva-doxidonut-1-1.png?fit=2000%2C2000&ssl=1","width":2000,"height":2000,"caption":"Liberaci\u00f3n Progresiva"},"image":{"@id":"https:\/\/liberacionprogresiva.com\/#\/schema\/logo\/image\/"},"sameAs":["https:\/\/www.facebook.com\/liberacionprogresiva","https:\/\/www.t.me\/liberacionprogresiva","https:\/\/www.instagram.com\/liberacionprogresiva","https:\/\/www.pinterest.com\/liberacionprogresiva","https:\/\/www.linkedin.com\/in\/liberacionprogresiva","https:\/\/www.tumblr.com\/liberacionprogresiva"]}]}},"jetpack_sharing_enabled":true,"_links":{"self":[{"href":"https:\/\/liberacionprogresiva.com\/en\/wp-json\/wp\/v2\/product\/542","targetHints":{"allow":["GET"]}}],"collection":[{"href":"https:\/\/liberacionprogresiva.com\/en\/wp-json\/wp\/v2\/product"}],"about":[{"href":"https:\/\/liberacionprogresiva.com\/en\/wp-json\/wp\/v2\/types\/product"}],"replies":[{"embeddable":true,"href":"https:\/\/liberacionprogresiva.com\/en\/wp-json\/wp\/v2\/comments?post=542"}],"wp:featuredmedia":[{"embeddable":true,"href":"https:\/\/liberacionprogresiva.com\/en\/wp-json\/wp\/v2\/media\/545"}],"wp:attachment":[{"href":"https:\/\/liberacionprogresiva.com\/en\/wp-json\/wp\/v2\/media?parent=542"}],"wp:term":[{"taxonomy":"product_brand","embeddable":true,"href":"https:\/\/liberacionprogresiva.com\/en\/wp-json\/wp\/v2\/product_brand?post=542"},{"taxonomy":"product_cat","embeddable":true,"href":"https:\/\/liberacionprogresiva.com\/en\/wp-json\/wp\/v2\/product_cat?post=542"},{"taxonomy":"product_tag","embeddable":true,"href":"https:\/\/liberacionprogresiva.com\/en\/wp-json\/wp\/v2\/product_tag?post=542"}],"curies":[{"name":"wp","href":"https:\/\/api.w.org\/{rel}","templated":true}]}}