{"id":84,"date":"2024-10-18T21:55:29","date_gmt":"2024-10-18T21:55:29","guid":{"rendered":"https:\/\/liberacionprogresiva.com\/?page_id=84"},"modified":"2025-08-13T17:29:28","modified_gmt":"2025-08-13T17:29:28","slug":"donaciones","status":"publish","type":"page","link":"https:\/\/liberacionprogresiva.com\/en\/donaciones\/","title":{"rendered":"Donations"},"content":{"rendered":"<p class=\"\"><strong>Support the Jesus the Liberator Church through Progressive Liberation<\/strong><\/p>\n\n\n\n<p class=\"\">Your generous donations to Jesus the Liberator allow us to continue our mission of bringing hope, healing, and spiritual growth to our community. With the launch of our new platform, <strong>Progressive Release<\/strong>, we are expanding our reach and impact, focusing on:<\/p>\n\n\n\n<ul class=\"wp-block-list\">\n<li class=\"\"><strong>Community Outreach<\/strong>: Provide food, clothing and essential services to those in need.<\/li>\n\n\n\n<li class=\"\"><strong>Spiritual Education<\/strong>: Offering Bible studies, workshops, and faith-based programs for all ages.<\/li>\n\n\n\n<li class=\"\"><strong>Facility Maintenance and Growth<\/strong>:Ensuring our church remains a welcoming place to worship, while expanding our resources to better serve the congregation.<\/li>\n\n\n\n<li class=\"\"><strong>Global Mission<\/strong>: Support international outreach efforts to spread the message of faith and love.<\/li>\n<\/ul>\n\n\n\n<p class=\"\">Your contributions make a real difference in the lives of those we serve. Every donation, no matter the size, helps us bring the light of Jesus to others. Thank you for being part of this journey of faith through <strong>Progressive Release<\/strong>.<\/p>\n\n\n\n<div class=\"wp-block-media-text is-stacked-on-mobile\" style=\"grid-template-columns:15% auto\"><figure class=\"wp-block-media-text__media\"><img data-recalc-dims=\"1\" decoding=\"async\" width=\"180\" height=\"180\" src=\"https:\/\/i0.wp.com\/liberacionprogresiva.com\/wp-content\/uploads\/2024\/10\/emailImg1.jpg?resize=180%2C180&#038;ssl=1\" alt=\"\" class=\"wp-image-142 size-full\" srcset=\"https:\/\/i0.wp.com\/liberacionprogresiva.com\/wp-content\/uploads\/2024\/10\/emailImg1.jpg?w=180&amp;ssl=1 180w, https:\/\/i0.wp.com\/liberacionprogresiva.com\/wp-content\/uploads\/2024\/10\/emailImg1.jpg?resize=150%2C150&amp;ssl=1 150w, https:\/\/i0.wp.com\/liberacionprogresiva.com\/wp-content\/uploads\/2024\/10\/emailImg1.jpg?resize=12%2C12&amp;ssl=1 12w\" sizes=\"(max-width: 180px) 100vw, 180px\" \/><\/figure><div class=\"wp-block-media-text__content\">\n<p class=\"\">Electronic (<em>e-mail<\/em>): <a href=\"mailto:jesusellibertador@gmail.com\" data-type=\"page\" data-id=\"126\"><strong>jesusellibertador@gmail.com<\/strong><\/a>, <a href=\"mailto:liberacionprogresiva@gmail.com\" data-type=\"page\" data-id=\"126\"><strong>liberacionprogresiva@gmail.com<\/strong><\/a><\/p>\n<\/div><\/div>\n\n\n\n<div class=\"wp-block-media-text is-stacked-on-mobile\" style=\"grid-template-columns:15% auto\"><figure class=\"wp-block-media-text__media\"><a href=\"https:\/\/cash.app\/$TuAmigoElExorcista\"><img data-recalc-dims=\"1\" fetchpriority=\"high\" decoding=\"async\" width=\"1024\" height=\"254\" src=\"https:\/\/i0.wp.com\/liberacionprogresiva.com\/wp-content\/uploads\/2024\/10\/cashappimg2.png?resize=1024%2C254&#038;ssl=1\" alt=\"\" class=\"wp-image-138 size-full\" srcset=\"https:\/\/i0.wp.com\/liberacionprogresiva.com\/wp-content\/uploads\/2024\/10\/cashappimg2.png?resize=1024%2C254&amp;ssl=1 1024w, https:\/\/i0.wp.com\/liberacionprogresiva.com\/wp-content\/uploads\/2024\/10\/cashappimg2.png?resize=300%2C74&amp;ssl=1 300w, https:\/\/i0.wp.com\/liberacionprogresiva.com\/wp-content\/uploads\/2024\/10\/cashappimg2.png?resize=768%2C190&amp;ssl=1 768w, https:\/\/i0.wp.com\/liberacionprogresiva.com\/wp-content\/uploads\/2024\/10\/cashappimg2.png?resize=1536%2C380&amp;ssl=1 1536w, https:\/\/i0.wp.com\/liberacionprogresiva.com\/wp-content\/uploads\/2024\/10\/cashappimg2.png?resize=18%2C4&amp;ssl=1 18w, https:\/\/i0.wp.com\/liberacionprogresiva.com\/wp-content\/uploads\/2024\/10\/cashappimg2.png?resize=600%2C149&amp;ssl=1 600w, https:\/\/i0.wp.com\/liberacionprogresiva.com\/wp-content\/uploads\/2024\/10\/cashappimg2.png?w=1656&amp;ssl=1 1656w\" sizes=\"(max-width: 1000px) 100vw, 1000px\" \/><\/a><\/figure><div class=\"wp-block-media-text__content\">\n<p class=\"\">Send donations to Cash App to: $jesuselibertador (created by Rosy Figueras): <a href=\"https:\/\/cash.app\/$TuAmigoElExorcista\" target=\"_blank\" rel=\"noreferrer noopener\">https:\/\/cash.app\/$TuAmigoElExorcista<\/a><\/p>\n<\/div><\/div>\n\n\n\n<div class=\"wp-block-media-text is-stacked-on-mobile\" style=\"grid-template-columns:15% auto\"><figure class=\"wp-block-media-text__media\"><img data-recalc-dims=\"1\" decoding=\"async\" width=\"532\" height=\"400\" src=\"https:\/\/i0.wp.com\/liberacionprogresiva.com\/wp-content\/uploads\/2024\/10\/zelleimg1.png?resize=532%2C400&#038;ssl=1\" alt=\"\" class=\"wp-image-139 size-full\" srcset=\"https:\/\/i0.wp.com\/liberacionprogresiva.com\/wp-content\/uploads\/2024\/10\/zelleimg1.png?w=532&amp;ssl=1 532w, https:\/\/i0.wp.com\/liberacionprogresiva.com\/wp-content\/uploads\/2024\/10\/zelleimg1.png?resize=300%2C226&amp;ssl=1 300w, https:\/\/i0.wp.com\/liberacionprogresiva.com\/wp-content\/uploads\/2024\/10\/zelleimg1.png?resize=16%2C12&amp;ssl=1 16w\" sizes=\"(max-width: 532px) 100vw, 532px\" \/><\/figure><div class=\"wp-block-media-text__content\">\n<p class=\"\">Send donations to Zelle at: jesusellibertador@gmail.com<\/p>\n<\/div><\/div>\n\n\n\n<div class=\"wp-block-media-text is-stacked-on-mobile\" style=\"grid-template-columns:15% auto\"><figure class=\"wp-block-media-text__media\"><a href=\"https:\/\/www.paypal.me\/JesusElLibertador\"><img data-recalc-dims=\"1\" loading=\"lazy\" decoding=\"async\" width=\"640\" height=\"308\" src=\"https:\/\/i0.wp.com\/liberacionprogresiva.com\/wp-content\/uploads\/2024\/10\/paypalimgdonate2.jpg?resize=640%2C308&#038;ssl=1\" alt=\"\" class=\"wp-image-141 size-full\" srcset=\"https:\/\/i0.wp.com\/liberacionprogresiva.com\/wp-content\/uploads\/2024\/10\/paypalimgdonate2.jpg?w=640&amp;ssl=1 640w, https:\/\/i0.wp.com\/liberacionprogresiva.com\/wp-content\/uploads\/2024\/10\/paypalimgdonate2.jpg?resize=300%2C144&amp;ssl=1 300w, https:\/\/i0.wp.com\/liberacionprogresiva.com\/wp-content\/uploads\/2024\/10\/paypalimgdonate2.jpg?resize=18%2C9&amp;ssl=1 18w, https:\/\/i0.wp.com\/liberacionprogresiva.com\/wp-content\/uploads\/2024\/10\/paypalimgdonate2.jpg?resize=600%2C289&amp;ssl=1 600w\" sizes=\"(max-width: 640px) 100vw, 640px\" \/><\/a><\/figure><div class=\"wp-block-media-text__content\">\n<p class=\"\"><a href=\"https:\/\/www.paypal.me\/JesusElLibertador\" data-type=\"page\" data-id=\"126\" target=\"_blank\" rel=\"noreferrer noopener\">Donations with PayPal https:\/\/www.paypal.me\/JesusElLibertador<\/a><\/p>\n<\/div><\/div>","protected":false},"excerpt":{"rendered":"<p>Apoya a la Iglesia Jes\u00fas El Libertador a trav\u00e9s de Liberaci\u00f3n Progresiva Tus generosas donaciones a Jes\u00fas El Libertador nos permiten continuar nuestra misi\u00f3n de llevar esperanza, sanaci\u00f3n y crecimiento espiritual a nuestra comunidad. Con el lanzamiento de nuestra nueva plataforma, Liberaci\u00f3n Progresiva, estamos expandiendo nuestro alcance e impacto, enfoc\u00e1ndonos en: Tus contribuciones marcan una [&hellip;]<\/p>\n","protected":false},"author":1,"featured_media":0,"parent":0,"menu_order":0,"comment_status":"closed","ping_status":"closed","template":"","meta":{"nf_dc_page":"","om_disable_all_campaigns":false,"_monsterinsights_skip_tracking":false,"_monsterinsights_sitenote_active":false,"_monsterinsights_sitenote_note":"","_monsterinsights_sitenote_category":0,"_uf_show_specific_survey":0,"_uf_disable_surveys":false,"footnotes":""},"class_list":["post-84","page","type-page","status-publish","hentry"],"aioseo_notices":[],"yoast_head":"<!-- This site is optimized with the Yoast SEO plugin v27.5 - https:\/\/yoast.com\/product\/yoast-seo-wordpress\/ -->\n<title>Donaciones - Bienvenidos a Liberaci\u00f3n Progresiva<\/title>\n<meta name=\"robots\" content=\"index, follow, max-snippet:-1, max-image-preview:large, max-video-preview:-1\" \/>\n<link rel=\"canonical\" href=\"https:\/\/liberacionprogresiva.com\/en\/donaciones\/\" \/>\n<meta property=\"og:locale\" content=\"en_US\" \/>\n<meta property=\"og:type\" content=\"article\" \/>\n<meta property=\"og:title\" content=\"Donaciones - Bienvenidos a Liberaci\u00f3n Progresiva\" \/>\n<meta property=\"og:description\" content=\"Apoya a la Iglesia Jes\u00fas El Libertador a trav\u00e9s de Liberaci\u00f3n Progresiva Tus generosas donaciones a Jes\u00fas El Libertador nos permiten continuar nuestra misi\u00f3n de llevar esperanza, sanaci\u00f3n y crecimiento espiritual a nuestra comunidad. Con el lanzamiento de nuestra nueva plataforma, Liberaci\u00f3n Progresiva, estamos expandiendo nuestro alcance e impacto, enfoc\u00e1ndonos en: Tus contribuciones marcan una [&hellip;]\" \/>\n<meta property=\"og:url\" content=\"https:\/\/liberacionprogresiva.com\/en\/donaciones\/\" \/>\n<meta property=\"og:site_name\" content=\"Bienvenidos a Liberaci\u00f3n Progresiva\" \/>\n<meta property=\"article:publisher\" content=\"https:\/\/www.facebook.com\/liberacionprogresiva\" \/>\n<meta property=\"article:modified_time\" content=\"2025-08-13T17:29:28+00:00\" \/>\n<meta property=\"og:image\" content=\"https:\/\/liberacionprogresiva.com\/wp-content\/uploads\/2024\/10\/emailImg1.jpg\" \/>\n<meta name=\"twitter:card\" content=\"summary_large_image\" \/>\n<meta name=\"twitter:label1\" content=\"Est. reading time\" \/>\n\t<meta name=\"twitter:data1\" content=\"1 minute\" \/>\n<script type=\"application\/ld+json\" class=\"yoast-schema-graph\">{\"@context\":\"https:\\\/\\\/schema.org\",\"@graph\":[{\"@type\":\"WebPage\",\"@id\":\"https:\\\/\\\/liberacionprogresiva.com\\\/donaciones\\\/\",\"url\":\"https:\\\/\\\/liberacionprogresiva.com\\\/donaciones\\\/\",\"name\":\"Donaciones - Bienvenidos a Liberaci\u00f3n Progresiva\",\"isPartOf\":{\"@id\":\"https:\\\/\\\/liberacionprogresiva.com\\\/#website\"},\"primaryImageOfPage\":{\"@id\":\"https:\\\/\\\/liberacionprogresiva.com\\\/donaciones\\\/#primaryimage\"},\"image\":{\"@id\":\"https:\\\/\\\/liberacionprogresiva.com\\\/donaciones\\\/#primaryimage\"},\"thumbnailUrl\":\"https:\\\/\\\/liberacionprogresiva.com\\\/wp-content\\\/uploads\\\/2024\\\/10\\\/emailImg1.jpg\",\"datePublished\":\"2024-10-18T21:55:29+00:00\",\"dateModified\":\"2025-08-13T17:29:28+00:00\",\"breadcrumb\":{\"@id\":\"https:\\\/\\\/liberacionprogresiva.com\\\/donaciones\\\/#breadcrumb\"},\"inLanguage\":\"en-US\",\"potentialAction\":[{\"@type\":\"ReadAction\",\"target\":[\"https:\\\/\\\/liberacionprogresiva.com\\\/donaciones\\\/\"]}]},{\"@type\":\"ImageObject\",\"inLanguage\":\"en-US\",\"@id\":\"https:\\\/\\\/liberacionprogresiva.com\\\/donaciones\\\/#primaryimage\",\"url\":\"https:\\\/\\\/liberacionprogresiva.com\\\/wp-content\\\/uploads\\\/2024\\\/10\\\/emailImg1.jpg\",\"contentUrl\":\"https:\\\/\\\/liberacionprogresiva.com\\\/wp-content\\\/uploads\\\/2024\\\/10\\\/emailImg1.jpg\"},{\"@type\":\"BreadcrumbList\",\"@id\":\"https:\\\/\\\/liberacionprogresiva.com\\\/donaciones\\\/#breadcrumb\",\"itemListElement\":[{\"@type\":\"ListItem\",\"position\":1,\"name\":\"Home\",\"item\":\"https:\\\/\\\/liberacionprogresiva.com\\\/\"},{\"@type\":\"ListItem\",\"position\":2,\"name\":\"Donaciones\"}]},{\"@type\":\"WebSite\",\"@id\":\"https:\\\/\\\/liberacionprogresiva.com\\\/#website\",\"url\":\"https:\\\/\\\/liberacionprogresiva.com\\\/\",\"name\":\"Liberaci\u00f3n Progresiva\",\"description\":\"Liberacion Progresiva\",\"publisher\":{\"@id\":\"https:\\\/\\\/liberacionprogresiva.com\\\/#organization\"},\"potentialAction\":[{\"@type\":\"SearchAction\",\"target\":{\"@type\":\"EntryPoint\",\"urlTemplate\":\"https:\\\/\\\/liberacionprogresiva.com\\\/?s={search_term_string}\"},\"query-input\":{\"@type\":\"PropertyValueSpecification\",\"valueRequired\":true,\"valueName\":\"search_term_string\"}}],\"inLanguage\":\"en-US\"},{\"@type\":\"Organization\",\"@id\":\"https:\\\/\\\/liberacionprogresiva.com\\\/#organization\",\"name\":\"Liberaci\u00f3n Progresiva\",\"url\":\"https:\\\/\\\/liberacionprogresiva.com\\\/\",\"logo\":{\"@type\":\"ImageObject\",\"inLanguage\":\"en-US\",\"@id\":\"https:\\\/\\\/liberacionprogresiva.com\\\/#\\\/schema\\\/logo\\\/image\\\/\",\"url\":\"https:\\\/\\\/i0.wp.com\\\/liberacionprogresiva.com\\\/wp-content\\\/uploads\\\/2024\\\/10\\\/Liberacion-Progresiva-Pastor-Omar-Figueras-liberacionprogresiva-doxidonut-1-1.png?fit=2000%2C2000&ssl=1\",\"contentUrl\":\"https:\\\/\\\/i0.wp.com\\\/liberacionprogresiva.com\\\/wp-content\\\/uploads\\\/2024\\\/10\\\/Liberacion-Progresiva-Pastor-Omar-Figueras-liberacionprogresiva-doxidonut-1-1.png?fit=2000%2C2000&ssl=1\",\"width\":2000,\"height\":2000,\"caption\":\"Liberaci\u00f3n Progresiva\"},\"image\":{\"@id\":\"https:\\\/\\\/liberacionprogresiva.com\\\/#\\\/schema\\\/logo\\\/image\\\/\"},\"sameAs\":[\"https:\\\/\\\/www.facebook.com\\\/liberacionprogresiva\",\"https:\\\/\\\/www.t.me\\\/liberacionprogresiva\",\"https:\\\/\\\/www.instagram.com\\\/liberacionprogresiva\",\"https:\\\/\\\/www.pinterest.com\\\/liberacionprogresiva\",\"https:\\\/\\\/www.linkedin.com\\\/in\\\/liberacionprogresiva\",\"https:\\\/\\\/www.tumblr.com\\\/liberacionprogresiva\"]}]}<\/script>\n<!-- \/ Yoast SEO plugin. -->","yoast_head_json":{"title":"Donations - Welcome to Progressive Release","robots":{"index":"index","follow":"follow","max-snippet":"max-snippet:-1","max-image-preview":"max-image-preview:large","max-video-preview":"max-video-preview:-1"},"canonical":"https:\/\/liberacionprogresiva.com\/en\/donaciones\/","og_locale":"en_US","og_type":"article","og_title":"Donaciones - Bienvenidos a Liberaci\u00f3n Progresiva","og_description":"Apoya a la Iglesia Jes\u00fas El Libertador a trav\u00e9s de Liberaci\u00f3n Progresiva Tus generosas donaciones a Jes\u00fas El Libertador nos permiten continuar nuestra misi\u00f3n de llevar esperanza, sanaci\u00f3n y crecimiento espiritual a nuestra comunidad. Con el lanzamiento de nuestra nueva plataforma, Liberaci\u00f3n Progresiva, estamos expandiendo nuestro alcance e impacto, enfoc\u00e1ndonos en: Tus contribuciones marcan una [&hellip;]","og_url":"https:\/\/liberacionprogresiva.com\/en\/donaciones\/","og_site_name":"Bienvenidos a Liberaci\u00f3n Progresiva","article_publisher":"https:\/\/www.facebook.com\/liberacionprogresiva","article_modified_time":"2025-08-13T17:29:28+00:00","og_image":[{"url":"https:\/\/liberacionprogresiva.com\/wp-content\/uploads\/2024\/10\/emailImg1.jpg","type":"","width":"","height":""}],"twitter_card":"summary_large_image","twitter_misc":{"Est. reading time":"1 minute"},"schema":{"@context":"https:\/\/schema.org","@graph":[{"@type":"WebPage","@id":"https:\/\/liberacionprogresiva.com\/donaciones\/","url":"https:\/\/liberacionprogresiva.com\/donaciones\/","name":"Donations - Welcome to Progressive Release","isPartOf":{"@id":"https:\/\/liberacionprogresiva.com\/#website"},"primaryImageOfPage":{"@id":"https:\/\/liberacionprogresiva.com\/donaciones\/#primaryimage"},"image":{"@id":"https:\/\/liberacionprogresiva.com\/donaciones\/#primaryimage"},"thumbnailUrl":"https:\/\/liberacionprogresiva.com\/wp-content\/uploads\/2024\/10\/emailImg1.jpg","datePublished":"2024-10-18T21:55:29+00:00","dateModified":"2025-08-13T17:29:28+00:00","breadcrumb":{"@id":"https:\/\/liberacionprogresiva.com\/donaciones\/#breadcrumb"},"inLanguage":"en-US","potentialAction":[{"@type":"ReadAction","target":["https:\/\/liberacionprogresiva.com\/donaciones\/"]}]},{"@type":"ImageObject","inLanguage":"en-US","@id":"https:\/\/liberacionprogresiva.com\/donaciones\/#primaryimage","url":"https:\/\/liberacionprogresiva.com\/wp-content\/uploads\/2024\/10\/emailImg1.jpg","contentUrl":"https:\/\/liberacionprogresiva.com\/wp-content\/uploads\/2024\/10\/emailImg1.jpg"},{"@type":"BreadcrumbList","@id":"https:\/\/liberacionprogresiva.com\/donaciones\/#breadcrumb","itemListElement":[{"@type":"ListItem","position":1,"name":"Home","item":"https:\/\/liberacionprogresiva.com\/"},{"@type":"ListItem","position":2,"name":"Donaciones"}]},{"@type":"WebSite","@id":"https:\/\/liberacionprogresiva.com\/#website","url":"https:\/\/liberacionprogresiva.com\/","name":"Progressive Release","description":"Progressive Release","publisher":{"@id":"https:\/\/liberacionprogresiva.com\/#organization"},"potentialAction":[{"@type":"SearchAction","target":{"@type":"EntryPoint","urlTemplate":"https:\/\/liberacionprogresiva.com\/?s={search_term_string}"},"query-input":{"@type":"PropertyValueSpecification","valueRequired":true,"valueName":"search_term_string"}}],"inLanguage":"en-US"},{"@type":"Organization","@id":"https:\/\/liberacionprogresiva.com\/#organization","name":"Progressive Release","url":"https:\/\/liberacionprogresiva.com\/","logo":{"@type":"ImageObject","inLanguage":"en-US","@id":"https:\/\/liberacionprogresiva.com\/#\/schema\/logo\/image\/","url":"https:\/\/i0.wp.com\/liberacionprogresiva.com\/wp-content\/uploads\/2024\/10\/Liberacion-Progresiva-Pastor-Omar-Figueras-liberacionprogresiva-doxidonut-1-1.png?fit=2000%2C2000&ssl=1","contentUrl":"https:\/\/i0.wp.com\/liberacionprogresiva.com\/wp-content\/uploads\/2024\/10\/Liberacion-Progresiva-Pastor-Omar-Figueras-liberacionprogresiva-doxidonut-1-1.png?fit=2000%2C2000&ssl=1","width":2000,"height":2000,"caption":"Liberaci\u00f3n Progresiva"},"image":{"@id":"https:\/\/liberacionprogresiva.com\/#\/schema\/logo\/image\/"},"sameAs":["https:\/\/www.facebook.com\/liberacionprogresiva","https:\/\/www.t.me\/liberacionprogresiva","https:\/\/www.instagram.com\/liberacionprogresiva","https:\/\/www.pinterest.com\/liberacionprogresiva","https:\/\/www.linkedin.com\/in\/liberacionprogresiva","https:\/\/www.tumblr.com\/liberacionprogresiva"]}]}},"jetpack_sharing_enabled":true,"_links":{"self":[{"href":"https:\/\/liberacionprogresiva.com\/en\/wp-json\/wp\/v2\/pages\/84","targetHints":{"allow":["GET"]}}],"collection":[{"href":"https:\/\/liberacionprogresiva.com\/en\/wp-json\/wp\/v2\/pages"}],"about":[{"href":"https:\/\/liberacionprogresiva.com\/en\/wp-json\/wp\/v2\/types\/page"}],"author":[{"embeddable":true,"href":"https:\/\/liberacionprogresiva.com\/en\/wp-json\/wp\/v2\/users\/1"}],"replies":[{"embeddable":true,"href":"https:\/\/liberacionprogresiva.com\/en\/wp-json\/wp\/v2\/comments?post=84"}],"version-history":[{"count":7,"href":"https:\/\/liberacionprogresiva.com\/en\/wp-json\/wp\/v2\/pages\/84\/revisions"}],"predecessor-version":[{"id":583,"href":"https:\/\/liberacionprogresiva.com\/en\/wp-json\/wp\/v2\/pages\/84\/revisions\/583"}],"wp:attachment":[{"href":"https:\/\/liberacionprogresiva.com\/en\/wp-json\/wp\/v2\/media?parent=84"}],"curies":[{"name":"wp","href":"https:\/\/api.w.org\/{rel}","templated":true}]}}