{"id":80,"date":"2024-10-18T21:51:32","date_gmt":"2024-10-18T21:51:32","guid":{"rendered":"https:\/\/liberacionprogresiva.com\/?page_id=80"},"modified":"2024-10-21T21:29:09","modified_gmt":"2024-10-21T21:29:09","slug":"noticias","status":"publish","type":"page","link":"https:\/\/liberacionprogresiva.com\/en\/noticias\/","title":{"rendered":"News"},"content":{"rendered":"<div class=\"wp-block-media-text has-media-on-the-right is-stacked-on-mobile\" style=\"grid-template-columns:auto 15%\"><div class=\"wp-block-media-text__content\">\n<p class=\"has-text-align-right\">Visit the new YouTube channel of our Progressive Liberation platform!: <a href=\"https:\/\/www.youtube.com\/@LiberacionProgresiva\" data-type=\"link\" data-id=\"https:\/\/www.youtube.com\/@LiberacionProgresiva\" target=\"_blank\" rel=\"noreferrer noopener\"><strong>https:\/\/www.youtube.com\/@LiberacionProgresiva<\/strong><\/a><\/p>\n<\/div><figure class=\"wp-block-media-text__media\"><img data-recalc-dims=\"1\" decoding=\"async\" width=\"216\" height=\"100\" src=\"https:\/\/i0.wp.com\/liberacionprogresiva.com\/wp-content\/uploads\/2024\/10\/ytlpimg1-1.jpg?resize=216%2C100&#038;ssl=1\" alt=\"\" class=\"wp-image-163 size-full\" srcset=\"https:\/\/i0.wp.com\/liberacionprogresiva.com\/wp-content\/uploads\/2024\/10\/ytlpimg1-1.jpg?w=216&amp;ssl=1 216w, https:\/\/i0.wp.com\/liberacionprogresiva.com\/wp-content\/uploads\/2024\/10\/ytlpimg1-1.jpg?resize=18%2C8&amp;ssl=1 18w\" sizes=\"(max-width: 216px) 100vw, 216px\" \/><\/figure><\/div>\n\n\n\n<p class=\"\">Welcome to the news section of <strong>Progressive Release<\/strong>Here you will find the latest updates, events, and resources we have prepared to help you on your path to spiritual freedom. Our goal is to keep you informed and connected with everything that happens on our platform, from new articles, teachings, and testimonies, to online events and opportunities to grow in your faith.<\/p>\n\n\n\n<p class=\"\"><strong>Upcoming events:<\/strong><br>Don&#039;t miss our upcoming live prayer sessions, deliverance workshops, and interactive Bible studies designed to deepen your relationship with God and help you overcome any spiritual obstacles.<\/p>\n\n\n\n<p class=\"\"><strong>New Resources:<\/strong><br>Every week, we add new resources to guide you on your journey of deliverance. Whether through powerful prayers, biblical teachings, or practical guides, you will find everything you need to strengthen your faith and move forward in the process of deliverance.<\/p>\n\n\n\n<p class=\"\">Stay tuned to this section so you don&#039;t miss any news. We are excited to have you as part of this community and hope you find here the tools and support you need to experience complete freedom in Christ. Welcome to <strong>Progressive Release<\/strong>!<\/p>","protected":false},"excerpt":{"rendered":"<p>\u00a1Visite el nuevo canal de YouTube de nuestra plataforma Liberacion Progresiva!: https:\/\/www.youtube.com\/@LiberacionProgresiva \u00a1Bienvenidos a la secci\u00f3n de noticias de Liberaci\u00f3n Progresiva! Aqu\u00ed encontrar\u00e1s las \u00faltimas actualizaciones, eventos, y recursos que tenemos preparados para ayudarte en tu camino hacia la libertad espiritual. Nuestro objetivo es mantenerte informado y conectado con todo lo que ocurre en nuestra [&hellip;]<\/p>\n","protected":false},"author":1,"featured_media":0,"parent":0,"menu_order":0,"comment_status":"closed","ping_status":"closed","template":"","meta":{"nf_dc_page":"","om_disable_all_campaigns":false,"_monsterinsights_skip_tracking":false,"_monsterinsights_sitenote_active":false,"_monsterinsights_sitenote_note":"","_monsterinsights_sitenote_category":0,"_uf_show_specific_survey":0,"_uf_disable_surveys":false,"footnotes":""},"class_list":["post-80","page","type-page","status-publish","hentry"],"aioseo_notices":[],"yoast_head":"<!-- This site is optimized with the Yoast SEO plugin v27.5 - https:\/\/yoast.com\/product\/yoast-seo-wordpress\/ -->\n<title>Noticias - Bienvenidos a Liberaci\u00f3n Progresiva<\/title>\n<meta name=\"robots\" content=\"index, follow, max-snippet:-1, max-image-preview:large, max-video-preview:-1\" \/>\n<link rel=\"canonical\" href=\"https:\/\/liberacionprogresiva.com\/en\/noticias\/\" \/>\n<meta property=\"og:locale\" content=\"en_US\" \/>\n<meta property=\"og:type\" content=\"article\" \/>\n<meta property=\"og:title\" content=\"Noticias - Bienvenidos a Liberaci\u00f3n Progresiva\" \/>\n<meta property=\"og:description\" content=\"\u00a1Visite el nuevo canal de YouTube de nuestra plataforma Liberacion Progresiva!: https:\/\/www.youtube.com\/@LiberacionProgresiva \u00a1Bienvenidos a la secci\u00f3n de noticias de Liberaci\u00f3n Progresiva! Aqu\u00ed encontrar\u00e1s las \u00faltimas actualizaciones, eventos, y recursos que tenemos preparados para ayudarte en tu camino hacia la libertad espiritual. Nuestro objetivo es mantenerte informado y conectado con todo lo que ocurre en nuestra [&hellip;]\" \/>\n<meta property=\"og:url\" content=\"https:\/\/liberacionprogresiva.com\/en\/noticias\/\" \/>\n<meta property=\"og:site_name\" content=\"Bienvenidos a Liberaci\u00f3n Progresiva\" \/>\n<meta property=\"article:publisher\" content=\"https:\/\/www.facebook.com\/liberacionprogresiva\" \/>\n<meta property=\"article:modified_time\" content=\"2024-10-21T21:29:09+00:00\" \/>\n<meta property=\"og:image\" content=\"https:\/\/liberacionprogresiva.com\/wp-content\/uploads\/2024\/10\/ytlpimg1-1.jpg\" \/>\n<meta name=\"twitter:card\" content=\"summary_large_image\" \/>\n<meta name=\"twitter:label1\" content=\"Est. reading time\" \/>\n\t<meta name=\"twitter:data1\" content=\"1 minute\" \/>\n<script type=\"application\/ld+json\" class=\"yoast-schema-graph\">{\"@context\":\"https:\\\/\\\/schema.org\",\"@graph\":[{\"@type\":\"WebPage\",\"@id\":\"https:\\\/\\\/liberacionprogresiva.com\\\/noticias\\\/\",\"url\":\"https:\\\/\\\/liberacionprogresiva.com\\\/noticias\\\/\",\"name\":\"Noticias - Bienvenidos a Liberaci\u00f3n Progresiva\",\"isPartOf\":{\"@id\":\"https:\\\/\\\/liberacionprogresiva.com\\\/#website\"},\"primaryImageOfPage\":{\"@id\":\"https:\\\/\\\/liberacionprogresiva.com\\\/noticias\\\/#primaryimage\"},\"image\":{\"@id\":\"https:\\\/\\\/liberacionprogresiva.com\\\/noticias\\\/#primaryimage\"},\"thumbnailUrl\":\"https:\\\/\\\/liberacionprogresiva.com\\\/wp-content\\\/uploads\\\/2024\\\/10\\\/ytlpimg1-1.jpg\",\"datePublished\":\"2024-10-18T21:51:32+00:00\",\"dateModified\":\"2024-10-21T21:29:09+00:00\",\"breadcrumb\":{\"@id\":\"https:\\\/\\\/liberacionprogresiva.com\\\/noticias\\\/#breadcrumb\"},\"inLanguage\":\"en-US\",\"potentialAction\":[{\"@type\":\"ReadAction\",\"target\":[\"https:\\\/\\\/liberacionprogresiva.com\\\/noticias\\\/\"]}]},{\"@type\":\"ImageObject\",\"inLanguage\":\"en-US\",\"@id\":\"https:\\\/\\\/liberacionprogresiva.com\\\/noticias\\\/#primaryimage\",\"url\":\"https:\\\/\\\/liberacionprogresiva.com\\\/wp-content\\\/uploads\\\/2024\\\/10\\\/ytlpimg1-1.jpg\",\"contentUrl\":\"https:\\\/\\\/liberacionprogresiva.com\\\/wp-content\\\/uploads\\\/2024\\\/10\\\/ytlpimg1-1.jpg\"},{\"@type\":\"BreadcrumbList\",\"@id\":\"https:\\\/\\\/liberacionprogresiva.com\\\/noticias\\\/#breadcrumb\",\"itemListElement\":[{\"@type\":\"ListItem\",\"position\":1,\"name\":\"Home\",\"item\":\"https:\\\/\\\/liberacionprogresiva.com\\\/\"},{\"@type\":\"ListItem\",\"position\":2,\"name\":\"Noticias\"}]},{\"@type\":\"WebSite\",\"@id\":\"https:\\\/\\\/liberacionprogresiva.com\\\/#website\",\"url\":\"https:\\\/\\\/liberacionprogresiva.com\\\/\",\"name\":\"Liberaci\u00f3n Progresiva\",\"description\":\"Liberacion Progresiva\",\"publisher\":{\"@id\":\"https:\\\/\\\/liberacionprogresiva.com\\\/#organization\"},\"potentialAction\":[{\"@type\":\"SearchAction\",\"target\":{\"@type\":\"EntryPoint\",\"urlTemplate\":\"https:\\\/\\\/liberacionprogresiva.com\\\/?s={search_term_string}\"},\"query-input\":{\"@type\":\"PropertyValueSpecification\",\"valueRequired\":true,\"valueName\":\"search_term_string\"}}],\"inLanguage\":\"en-US\"},{\"@type\":\"Organization\",\"@id\":\"https:\\\/\\\/liberacionprogresiva.com\\\/#organization\",\"name\":\"Liberaci\u00f3n Progresiva\",\"url\":\"https:\\\/\\\/liberacionprogresiva.com\\\/\",\"logo\":{\"@type\":\"ImageObject\",\"inLanguage\":\"en-US\",\"@id\":\"https:\\\/\\\/liberacionprogresiva.com\\\/#\\\/schema\\\/logo\\\/image\\\/\",\"url\":\"https:\\\/\\\/i0.wp.com\\\/liberacionprogresiva.com\\\/wp-content\\\/uploads\\\/2024\\\/10\\\/Liberacion-Progresiva-Pastor-Omar-Figueras-liberacionprogresiva-doxidonut-1-1.png?fit=2000%2C2000&ssl=1\",\"contentUrl\":\"https:\\\/\\\/i0.wp.com\\\/liberacionprogresiva.com\\\/wp-content\\\/uploads\\\/2024\\\/10\\\/Liberacion-Progresiva-Pastor-Omar-Figueras-liberacionprogresiva-doxidonut-1-1.png?fit=2000%2C2000&ssl=1\",\"width\":2000,\"height\":2000,\"caption\":\"Liberaci\u00f3n Progresiva\"},\"image\":{\"@id\":\"https:\\\/\\\/liberacionprogresiva.com\\\/#\\\/schema\\\/logo\\\/image\\\/\"},\"sameAs\":[\"https:\\\/\\\/www.facebook.com\\\/liberacionprogresiva\",\"https:\\\/\\\/www.t.me\\\/liberacionprogresiva\",\"https:\\\/\\\/www.instagram.com\\\/liberacionprogresiva\",\"https:\\\/\\\/www.pinterest.com\\\/liberacionprogresiva\",\"https:\\\/\\\/www.linkedin.com\\\/in\\\/liberacionprogresiva\",\"https:\\\/\\\/www.tumblr.com\\\/liberacionprogresiva\"]}]}<\/script>\n<!-- \/ Yoast SEO plugin. -->","yoast_head_json":{"title":"News - Welcome to Progressive Liberation","robots":{"index":"index","follow":"follow","max-snippet":"max-snippet:-1","max-image-preview":"max-image-preview:large","max-video-preview":"max-video-preview:-1"},"canonical":"https:\/\/liberacionprogresiva.com\/en\/noticias\/","og_locale":"en_US","og_type":"article","og_title":"Noticias - Bienvenidos a Liberaci\u00f3n Progresiva","og_description":"\u00a1Visite el nuevo canal de YouTube de nuestra plataforma Liberacion Progresiva!: https:\/\/www.youtube.com\/@LiberacionProgresiva \u00a1Bienvenidos a la secci\u00f3n de noticias de Liberaci\u00f3n Progresiva! Aqu\u00ed encontrar\u00e1s las \u00faltimas actualizaciones, eventos, y recursos que tenemos preparados para ayudarte en tu camino hacia la libertad espiritual. Nuestro objetivo es mantenerte informado y conectado con todo lo que ocurre en nuestra [&hellip;]","og_url":"https:\/\/liberacionprogresiva.com\/en\/noticias\/","og_site_name":"Bienvenidos a Liberaci\u00f3n Progresiva","article_publisher":"https:\/\/www.facebook.com\/liberacionprogresiva","article_modified_time":"2024-10-21T21:29:09+00:00","og_image":[{"url":"https:\/\/liberacionprogresiva.com\/wp-content\/uploads\/2024\/10\/ytlpimg1-1.jpg","type":"","width":"","height":""}],"twitter_card":"summary_large_image","twitter_misc":{"Est. reading time":"1 minute"},"schema":{"@context":"https:\/\/schema.org","@graph":[{"@type":"WebPage","@id":"https:\/\/liberacionprogresiva.com\/noticias\/","url":"https:\/\/liberacionprogresiva.com\/noticias\/","name":"News - Welcome to Progressive Liberation","isPartOf":{"@id":"https:\/\/liberacionprogresiva.com\/#website"},"primaryImageOfPage":{"@id":"https:\/\/liberacionprogresiva.com\/noticias\/#primaryimage"},"image":{"@id":"https:\/\/liberacionprogresiva.com\/noticias\/#primaryimage"},"thumbnailUrl":"https:\/\/liberacionprogresiva.com\/wp-content\/uploads\/2024\/10\/ytlpimg1-1.jpg","datePublished":"2024-10-18T21:51:32+00:00","dateModified":"2024-10-21T21:29:09+00:00","breadcrumb":{"@id":"https:\/\/liberacionprogresiva.com\/noticias\/#breadcrumb"},"inLanguage":"en-US","potentialAction":[{"@type":"ReadAction","target":["https:\/\/liberacionprogresiva.com\/noticias\/"]}]},{"@type":"ImageObject","inLanguage":"en-US","@id":"https:\/\/liberacionprogresiva.com\/noticias\/#primaryimage","url":"https:\/\/liberacionprogresiva.com\/wp-content\/uploads\/2024\/10\/ytlpimg1-1.jpg","contentUrl":"https:\/\/liberacionprogresiva.com\/wp-content\/uploads\/2024\/10\/ytlpimg1-1.jpg"},{"@type":"BreadcrumbList","@id":"https:\/\/liberacionprogresiva.com\/noticias\/#breadcrumb","itemListElement":[{"@type":"ListItem","position":1,"name":"Home","item":"https:\/\/liberacionprogresiva.com\/"},{"@type":"ListItem","position":2,"name":"Noticias"}]},{"@type":"WebSite","@id":"https:\/\/liberacionprogresiva.com\/#website","url":"https:\/\/liberacionprogresiva.com\/","name":"Progressive Release","description":"Progressive Release","publisher":{"@id":"https:\/\/liberacionprogresiva.com\/#organization"},"potentialAction":[{"@type":"SearchAction","target":{"@type":"EntryPoint","urlTemplate":"https:\/\/liberacionprogresiva.com\/?s={search_term_string}"},"query-input":{"@type":"PropertyValueSpecification","valueRequired":true,"valueName":"search_term_string"}}],"inLanguage":"en-US"},{"@type":"Organization","@id":"https:\/\/liberacionprogresiva.com\/#organization","name":"Progressive Release","url":"https:\/\/liberacionprogresiva.com\/","logo":{"@type":"ImageObject","inLanguage":"en-US","@id":"https:\/\/liberacionprogresiva.com\/#\/schema\/logo\/image\/","url":"https:\/\/i0.wp.com\/liberacionprogresiva.com\/wp-content\/uploads\/2024\/10\/Liberacion-Progresiva-Pastor-Omar-Figueras-liberacionprogresiva-doxidonut-1-1.png?fit=2000%2C2000&ssl=1","contentUrl":"https:\/\/i0.wp.com\/liberacionprogresiva.com\/wp-content\/uploads\/2024\/10\/Liberacion-Progresiva-Pastor-Omar-Figueras-liberacionprogresiva-doxidonut-1-1.png?fit=2000%2C2000&ssl=1","width":2000,"height":2000,"caption":"Liberaci\u00f3n Progresiva"},"image":{"@id":"https:\/\/liberacionprogresiva.com\/#\/schema\/logo\/image\/"},"sameAs":["https:\/\/www.facebook.com\/liberacionprogresiva","https:\/\/www.t.me\/liberacionprogresiva","https:\/\/www.instagram.com\/liberacionprogresiva","https:\/\/www.pinterest.com\/liberacionprogresiva","https:\/\/www.linkedin.com\/in\/liberacionprogresiva","https:\/\/www.tumblr.com\/liberacionprogresiva"]}]}},"jetpack_sharing_enabled":true,"_links":{"self":[{"href":"https:\/\/liberacionprogresiva.com\/en\/wp-json\/wp\/v2\/pages\/80","targetHints":{"allow":["GET"]}}],"collection":[{"href":"https:\/\/liberacionprogresiva.com\/en\/wp-json\/wp\/v2\/pages"}],"about":[{"href":"https:\/\/liberacionprogresiva.com\/en\/wp-json\/wp\/v2\/types\/page"}],"author":[{"embeddable":true,"href":"https:\/\/liberacionprogresiva.com\/en\/wp-json\/wp\/v2\/users\/1"}],"replies":[{"embeddable":true,"href":"https:\/\/liberacionprogresiva.com\/en\/wp-json\/wp\/v2\/comments?post=80"}],"version-history":[{"count":4,"href":"https:\/\/liberacionprogresiva.com\/en\/wp-json\/wp\/v2\/pages\/80\/revisions"}],"predecessor-version":[{"id":164,"href":"https:\/\/liberacionprogresiva.com\/en\/wp-json\/wp\/v2\/pages\/80\/revisions\/164"}],"wp:attachment":[{"href":"https:\/\/liberacionprogresiva.com\/en\/wp-json\/wp\/v2\/media?parent=80"}],"curies":[{"name":"wp","href":"https:\/\/api.w.org\/{rel}","templated":true}]}}