{"id":75,"date":"2024-10-18T21:45:48","date_gmt":"2024-10-18T21:45:48","guid":{"rendered":"https:\/\/liberacionprogresiva.com\/?page_id=75"},"modified":"2024-12-16T21:51:12","modified_gmt":"2024-12-16T21:51:12","slug":"acerca-de-jesus-el-libertador","status":"publish","type":"page","link":"https:\/\/liberacionprogresiva.com\/en\/acerca-de-jesus-el-libertador\/","title":{"rendered":"About Jesus the Liberator"},"content":{"rendered":"<h3 class=\"wp-block-heading\"><strong>About the Church and Website Jesus the Liberator<\/strong><\/h3>\n\n\n\n<div class=\"wp-block-media-text is-stacked-on-mobile\" style=\"grid-template-columns:15% auto\"><figure class=\"wp-block-media-text__media\"><img data-recalc-dims=\"1\" fetchpriority=\"high\" decoding=\"async\" width=\"550\" height=\"261\" src=\"https:\/\/i0.wp.com\/liberacionprogresiva.com\/wp-content\/uploads\/2024\/10\/jelimg2.png?resize=550%2C261&#038;ssl=1\" alt=\"\" class=\"wp-image-151 size-full\" srcset=\"https:\/\/i0.wp.com\/liberacionprogresiva.com\/wp-content\/uploads\/2024\/10\/jelimg2.png?w=550&amp;ssl=1 550w, https:\/\/i0.wp.com\/liberacionprogresiva.com\/wp-content\/uploads\/2024\/10\/jelimg2.png?resize=300%2C142&amp;ssl=1 300w, https:\/\/i0.wp.com\/liberacionprogresiva.com\/wp-content\/uploads\/2024\/10\/jelimg2.png?resize=18%2C9&amp;ssl=1 18w\" sizes=\"(max-width: 550px) 100vw, 550px\" \/><\/figure><div class=\"wp-block-media-text__content\">\n<p class=\"\"><a href=\"https:\/\/www.jesusellibertador.com\" data-type=\"page\" data-id=\"126\" target=\"_blank\" rel=\"noreferrer noopener\">Visit our Jesus the Liberator page! <strong>www.jesusellibertador.com<\/strong><\/a> <\/p>\n<\/div><\/div>\n\n\n\n<p class=\"\"><strong>Welcome to Jesus the Liberator!<\/strong><br>In <strong>Jesus the Liberator<\/strong>We are a church dedicated to proclaiming the freedom and transformation that comes from a relationship with Jesus Christ. Our mission is to help people experience the power of spiritual liberation and find true freedom in Christ. Through worship, biblical teaching, and prayer, we strive to equip individuals to walk in the fullness of God&#039;s purpose for their lives.<\/p>\n\n\n\n<p class=\"\">Our website, <strong>JesusElLibertador.com<\/strong>, is a digital extension of our ministry. It offers a space where believers and seekers alike can access spiritual resources, listen to powerful sermons, and participate in prayer. We believe that Jesus is the ultimate liberator and that through Him all chains of spiritual bondage can be broken. Our goal is to create a supportive community where people can grow in their faith, experience healing, and be set free.<\/p>\n\n\n\n<p class=\"\">Whether you join us in person or online, we invite you to be part of a movement where lives are transformed and hearts are set free. Come and experience the freedom that only Jesus, our Deliverer, can offer!<\/p>\n\n\n\n<div class=\"wp-block-media-text has-media-on-the-right is-stacked-on-mobile is-vertically-aligned-center\" style=\"grid-template-columns:auto 15%\"><div class=\"wp-block-media-text__content\">\n<p class=\"has-text-align-center\"><strong>How to get to Jesus the Liberator:<\/strong><\/p>\n\n\n\n<p class=\"\"><strong>2053 NW 27th Ave.,<\/strong><\/p>\n\n\n\n<p class=\"\"><strong>Miami, FL 33142 <\/strong>     <\/p>\n\n\n\n<p class=\"\">ph: 786-490-7833<\/p>\n\n\n\n<p class=\"\">email: jesusellibertador@gmail.com<\/p>\n<\/div><figure class=\"wp-block-media-text__media\"><img data-recalc-dims=\"1\" decoding=\"async\" width=\"550\" height=\"261\" src=\"https:\/\/i0.wp.com\/liberacionprogresiva.com\/wp-content\/uploads\/2024\/10\/jelimg2-1.png?resize=550%2C261&#038;ssl=1\" alt=\"\" class=\"wp-image-156 size-full\" srcset=\"https:\/\/i0.wp.com\/liberacionprogresiva.com\/wp-content\/uploads\/2024\/10\/jelimg2-1.png?w=550&amp;ssl=1 550w, https:\/\/i0.wp.com\/liberacionprogresiva.com\/wp-content\/uploads\/2024\/10\/jelimg2-1.png?resize=300%2C142&amp;ssl=1 300w, https:\/\/i0.wp.com\/liberacionprogresiva.com\/wp-content\/uploads\/2024\/10\/jelimg2-1.png?resize=18%2C9&amp;ssl=1 18w\" sizes=\"(max-width: 550px) 100vw, 550px\" \/><\/figure><\/div>\n\n\n\n<div class=\"wp-block-gmap-gmap-block gmap-block-060lbbh1\"><iframe src=\"https:\/\/maps.google.com\/maps?q=2053+NW+27th+Ave%2C+Miami%2C+FL%2C+33142&amp;z=13&amp;t=roadmap&amp;output=embed\" class=\"embd-map\" title=\"2053 NW 27th Ave, Miami, FL, 33142\"><\/iframe><\/div>","protected":false},"excerpt":{"rendered":"<p>Acerca de la Iglesia y el Sitio Web Jes\u00fas El Libertador \u00a1Visita nuestra p\u00e1gina de Jes\u00fas El Libertador! www.jesusellibertador.com Bienvenidos a Jes\u00fas El Libertador!En Jes\u00fas El Libertador, somos una iglesia dedicada a proclamar la libertad y transformaci\u00f3n que provienen de una relaci\u00f3n con Jesucristo. Nuestra misi\u00f3n es ayudar a las personas a experimentar el poder [&hellip;]<\/p>\n","protected":false},"author":1,"featured_media":0,"parent":0,"menu_order":0,"comment_status":"closed","ping_status":"closed","template":"","meta":{"nf_dc_page":"","om_disable_all_campaigns":false,"_monsterinsights_skip_tracking":false,"_monsterinsights_sitenote_active":false,"_monsterinsights_sitenote_note":"","_monsterinsights_sitenote_category":0,"_uf_show_specific_survey":0,"_uf_disable_surveys":false,"footnotes":""},"class_list":["post-75","page","type-page","status-publish","hentry"],"aioseo_notices":[],"yoast_head":"<!-- This site is optimized with the Yoast SEO plugin v27.5 - https:\/\/yoast.com\/product\/yoast-seo-wordpress\/ -->\n<title>Acerca de Jes\u00fas El Libertador - Bienvenidos a Liberaci\u00f3n Progresiva<\/title>\n<meta name=\"robots\" content=\"index, follow, max-snippet:-1, max-image-preview:large, max-video-preview:-1\" \/>\n<link rel=\"canonical\" href=\"https:\/\/liberacionprogresiva.com\/en\/acerca-de-jesus-el-libertador\/\" \/>\n<meta property=\"og:locale\" content=\"en_US\" \/>\n<meta property=\"og:type\" content=\"article\" \/>\n<meta property=\"og:title\" content=\"Acerca de Jes\u00fas El Libertador - Bienvenidos a Liberaci\u00f3n Progresiva\" \/>\n<meta property=\"og:description\" content=\"Acerca de la Iglesia y el Sitio Web Jes\u00fas El Libertador \u00a1Visita nuestra p\u00e1gina de Jes\u00fas El Libertador! www.jesusellibertador.com Bienvenidos a Jes\u00fas El Libertador!En Jes\u00fas El Libertador, somos una iglesia dedicada a proclamar la libertad y transformaci\u00f3n que provienen de una relaci\u00f3n con Jesucristo. Nuestra misi\u00f3n es ayudar a las personas a experimentar el poder [&hellip;]\" \/>\n<meta property=\"og:url\" content=\"https:\/\/liberacionprogresiva.com\/en\/acerca-de-jesus-el-libertador\/\" \/>\n<meta property=\"og:site_name\" content=\"Bienvenidos a Liberaci\u00f3n Progresiva\" \/>\n<meta property=\"article:publisher\" content=\"https:\/\/www.facebook.com\/liberacionprogresiva\" \/>\n<meta property=\"article:modified_time\" content=\"2024-12-16T21:51:12+00:00\" \/>\n<meta property=\"og:image\" content=\"https:\/\/liberacionprogresiva.com\/wp-content\/uploads\/2024\/10\/jelimg2.png\" \/>\n<meta name=\"twitter:card\" content=\"summary_large_image\" \/>\n<meta name=\"twitter:label1\" content=\"Est. reading time\" \/>\n\t<meta name=\"twitter:data1\" content=\"1 minute\" \/>\n<script type=\"application\/ld+json\" class=\"yoast-schema-graph\">{\"@context\":\"https:\\\/\\\/schema.org\",\"@graph\":[{\"@type\":\"WebPage\",\"@id\":\"https:\\\/\\\/liberacionprogresiva.com\\\/acerca-de-jesus-el-libertador\\\/\",\"url\":\"https:\\\/\\\/liberacionprogresiva.com\\\/acerca-de-jesus-el-libertador\\\/\",\"name\":\"Acerca de Jes\u00fas El Libertador - Bienvenidos a Liberaci\u00f3n Progresiva\",\"isPartOf\":{\"@id\":\"https:\\\/\\\/liberacionprogresiva.com\\\/#website\"},\"primaryImageOfPage\":{\"@id\":\"https:\\\/\\\/liberacionprogresiva.com\\\/acerca-de-jesus-el-libertador\\\/#primaryimage\"},\"image\":{\"@id\":\"https:\\\/\\\/liberacionprogresiva.com\\\/acerca-de-jesus-el-libertador\\\/#primaryimage\"},\"thumbnailUrl\":\"https:\\\/\\\/liberacionprogresiva.com\\\/wp-content\\\/uploads\\\/2024\\\/10\\\/jelimg2.png\",\"datePublished\":\"2024-10-18T21:45:48+00:00\",\"dateModified\":\"2024-12-16T21:51:12+00:00\",\"breadcrumb\":{\"@id\":\"https:\\\/\\\/liberacionprogresiva.com\\\/acerca-de-jesus-el-libertador\\\/#breadcrumb\"},\"inLanguage\":\"en-US\",\"potentialAction\":[{\"@type\":\"ReadAction\",\"target\":[\"https:\\\/\\\/liberacionprogresiva.com\\\/acerca-de-jesus-el-libertador\\\/\"]}]},{\"@type\":\"ImageObject\",\"inLanguage\":\"en-US\",\"@id\":\"https:\\\/\\\/liberacionprogresiva.com\\\/acerca-de-jesus-el-libertador\\\/#primaryimage\",\"url\":\"https:\\\/\\\/liberacionprogresiva.com\\\/wp-content\\\/uploads\\\/2024\\\/10\\\/jelimg2.png\",\"contentUrl\":\"https:\\\/\\\/liberacionprogresiva.com\\\/wp-content\\\/uploads\\\/2024\\\/10\\\/jelimg2.png\"},{\"@type\":\"BreadcrumbList\",\"@id\":\"https:\\\/\\\/liberacionprogresiva.com\\\/acerca-de-jesus-el-libertador\\\/#breadcrumb\",\"itemListElement\":[{\"@type\":\"ListItem\",\"position\":1,\"name\":\"Home\",\"item\":\"https:\\\/\\\/liberacionprogresiva.com\\\/\"},{\"@type\":\"ListItem\",\"position\":2,\"name\":\"Acerca de Jes\u00fas El Libertador\"}]},{\"@type\":\"WebSite\",\"@id\":\"https:\\\/\\\/liberacionprogresiva.com\\\/#website\",\"url\":\"https:\\\/\\\/liberacionprogresiva.com\\\/\",\"name\":\"Liberaci\u00f3n Progresiva\",\"description\":\"Liberacion Progresiva\",\"publisher\":{\"@id\":\"https:\\\/\\\/liberacionprogresiva.com\\\/#organization\"},\"potentialAction\":[{\"@type\":\"SearchAction\",\"target\":{\"@type\":\"EntryPoint\",\"urlTemplate\":\"https:\\\/\\\/liberacionprogresiva.com\\\/?s={search_term_string}\"},\"query-input\":{\"@type\":\"PropertyValueSpecification\",\"valueRequired\":true,\"valueName\":\"search_term_string\"}}],\"inLanguage\":\"en-US\"},{\"@type\":\"Organization\",\"@id\":\"https:\\\/\\\/liberacionprogresiva.com\\\/#organization\",\"name\":\"Liberaci\u00f3n Progresiva\",\"url\":\"https:\\\/\\\/liberacionprogresiva.com\\\/\",\"logo\":{\"@type\":\"ImageObject\",\"inLanguage\":\"en-US\",\"@id\":\"https:\\\/\\\/liberacionprogresiva.com\\\/#\\\/schema\\\/logo\\\/image\\\/\",\"url\":\"https:\\\/\\\/i0.wp.com\\\/liberacionprogresiva.com\\\/wp-content\\\/uploads\\\/2024\\\/10\\\/Liberacion-Progresiva-Pastor-Omar-Figueras-liberacionprogresiva-doxidonut-1-1.png?fit=2000%2C2000&ssl=1\",\"contentUrl\":\"https:\\\/\\\/i0.wp.com\\\/liberacionprogresiva.com\\\/wp-content\\\/uploads\\\/2024\\\/10\\\/Liberacion-Progresiva-Pastor-Omar-Figueras-liberacionprogresiva-doxidonut-1-1.png?fit=2000%2C2000&ssl=1\",\"width\":2000,\"height\":2000,\"caption\":\"Liberaci\u00f3n Progresiva\"},\"image\":{\"@id\":\"https:\\\/\\\/liberacionprogresiva.com\\\/#\\\/schema\\\/logo\\\/image\\\/\"},\"sameAs\":[\"https:\\\/\\\/www.facebook.com\\\/liberacionprogresiva\",\"https:\\\/\\\/www.t.me\\\/liberacionprogresiva\",\"https:\\\/\\\/www.instagram.com\\\/liberacionprogresiva\",\"https:\\\/\\\/www.pinterest.com\\\/liberacionprogresiva\",\"https:\\\/\\\/www.linkedin.com\\\/in\\\/liberacionprogresiva\",\"https:\\\/\\\/www.tumblr.com\\\/liberacionprogresiva\"]}]}<\/script>\n<!-- \/ Yoast SEO plugin. -->","yoast_head_json":{"title":"Acerca de Jes\u00fas El Libertador - Bienvenidos a Liberaci\u00f3n Progresiva","robots":{"index":"index","follow":"follow","max-snippet":"max-snippet:-1","max-image-preview":"max-image-preview:large","max-video-preview":"max-video-preview:-1"},"canonical":"https:\/\/liberacionprogresiva.com\/en\/acerca-de-jesus-el-libertador\/","og_locale":"en_US","og_type":"article","og_title":"Acerca de Jes\u00fas El Libertador - Bienvenidos a Liberaci\u00f3n Progresiva","og_description":"Acerca de la Iglesia y el Sitio Web Jes\u00fas El Libertador \u00a1Visita nuestra p\u00e1gina de Jes\u00fas El Libertador! www.jesusellibertador.com Bienvenidos a Jes\u00fas El Libertador!En Jes\u00fas El Libertador, somos una iglesia dedicada a proclamar la libertad y transformaci\u00f3n que provienen de una relaci\u00f3n con Jesucristo. Nuestra misi\u00f3n es ayudar a las personas a experimentar el poder [&hellip;]","og_url":"https:\/\/liberacionprogresiva.com\/en\/acerca-de-jesus-el-libertador\/","og_site_name":"Bienvenidos a Liberaci\u00f3n Progresiva","article_publisher":"https:\/\/www.facebook.com\/liberacionprogresiva","article_modified_time":"2024-12-16T21:51:12+00:00","og_image":[{"url":"https:\/\/liberacionprogresiva.com\/wp-content\/uploads\/2024\/10\/jelimg2.png","type":"","width":"","height":""}],"twitter_card":"summary_large_image","twitter_misc":{"Est. reading time":"1 minute"},"schema":{"@context":"https:\/\/schema.org","@graph":[{"@type":"WebPage","@id":"https:\/\/liberacionprogresiva.com\/acerca-de-jesus-el-libertador\/","url":"https:\/\/liberacionprogresiva.com\/acerca-de-jesus-el-libertador\/","name":"Acerca de Jes\u00fas El Libertador - Bienvenidos a Liberaci\u00f3n Progresiva","isPartOf":{"@id":"https:\/\/liberacionprogresiva.com\/#website"},"primaryImageOfPage":{"@id":"https:\/\/liberacionprogresiva.com\/acerca-de-jesus-el-libertador\/#primaryimage"},"image":{"@id":"https:\/\/liberacionprogresiva.com\/acerca-de-jesus-el-libertador\/#primaryimage"},"thumbnailUrl":"https:\/\/liberacionprogresiva.com\/wp-content\/uploads\/2024\/10\/jelimg2.png","datePublished":"2024-10-18T21:45:48+00:00","dateModified":"2024-12-16T21:51:12+00:00","breadcrumb":{"@id":"https:\/\/liberacionprogresiva.com\/acerca-de-jesus-el-libertador\/#breadcrumb"},"inLanguage":"en-US","potentialAction":[{"@type":"ReadAction","target":["https:\/\/liberacionprogresiva.com\/acerca-de-jesus-el-libertador\/"]}]},{"@type":"ImageObject","inLanguage":"en-US","@id":"https:\/\/liberacionprogresiva.com\/acerca-de-jesus-el-libertador\/#primaryimage","url":"https:\/\/liberacionprogresiva.com\/wp-content\/uploads\/2024\/10\/jelimg2.png","contentUrl":"https:\/\/liberacionprogresiva.com\/wp-content\/uploads\/2024\/10\/jelimg2.png"},{"@type":"BreadcrumbList","@id":"https:\/\/liberacionprogresiva.com\/acerca-de-jesus-el-libertador\/#breadcrumb","itemListElement":[{"@type":"ListItem","position":1,"name":"Home","item":"https:\/\/liberacionprogresiva.com\/"},{"@type":"ListItem","position":2,"name":"Acerca de Jes\u00fas El Libertador"}]},{"@type":"WebSite","@id":"https:\/\/liberacionprogresiva.com\/#website","url":"https:\/\/liberacionprogresiva.com\/","name":"Progressive Release","description":"Progressive Release","publisher":{"@id":"https:\/\/liberacionprogresiva.com\/#organization"},"potentialAction":[{"@type":"SearchAction","target":{"@type":"EntryPoint","urlTemplate":"https:\/\/liberacionprogresiva.com\/?s={search_term_string}"},"query-input":{"@type":"PropertyValueSpecification","valueRequired":true,"valueName":"search_term_string"}}],"inLanguage":"en-US"},{"@type":"Organization","@id":"https:\/\/liberacionprogresiva.com\/#organization","name":"Progressive Release","url":"https:\/\/liberacionprogresiva.com\/","logo":{"@type":"ImageObject","inLanguage":"en-US","@id":"https:\/\/liberacionprogresiva.com\/#\/schema\/logo\/image\/","url":"https:\/\/i0.wp.com\/liberacionprogresiva.com\/wp-content\/uploads\/2024\/10\/Liberacion-Progresiva-Pastor-Omar-Figueras-liberacionprogresiva-doxidonut-1-1.png?fit=2000%2C2000&ssl=1","contentUrl":"https:\/\/i0.wp.com\/liberacionprogresiva.com\/wp-content\/uploads\/2024\/10\/Liberacion-Progresiva-Pastor-Omar-Figueras-liberacionprogresiva-doxidonut-1-1.png?fit=2000%2C2000&ssl=1","width":2000,"height":2000,"caption":"Liberaci\u00f3n Progresiva"},"image":{"@id":"https:\/\/liberacionprogresiva.com\/#\/schema\/logo\/image\/"},"sameAs":["https:\/\/www.facebook.com\/liberacionprogresiva","https:\/\/www.t.me\/liberacionprogresiva","https:\/\/www.instagram.com\/liberacionprogresiva","https:\/\/www.pinterest.com\/liberacionprogresiva","https:\/\/www.linkedin.com\/in\/liberacionprogresiva","https:\/\/www.tumblr.com\/liberacionprogresiva"]}]}},"jetpack_sharing_enabled":true,"_links":{"self":[{"href":"https:\/\/liberacionprogresiva.com\/en\/wp-json\/wp\/v2\/pages\/75","targetHints":{"allow":["GET"]}}],"collection":[{"href":"https:\/\/liberacionprogresiva.com\/en\/wp-json\/wp\/v2\/pages"}],"about":[{"href":"https:\/\/liberacionprogresiva.com\/en\/wp-json\/wp\/v2\/types\/page"}],"author":[{"embeddable":true,"href":"https:\/\/liberacionprogresiva.com\/en\/wp-json\/wp\/v2\/users\/1"}],"replies":[{"embeddable":true,"href":"https:\/\/liberacionprogresiva.com\/en\/wp-json\/wp\/v2\/comments?post=75"}],"version-history":[{"count":9,"href":"https:\/\/liberacionprogresiva.com\/en\/wp-json\/wp\/v2\/pages\/75\/revisions"}],"predecessor-version":[{"id":360,"href":"https:\/\/liberacionprogresiva.com\/en\/wp-json\/wp\/v2\/pages\/75\/revisions\/360"}],"wp:attachment":[{"href":"https:\/\/liberacionprogresiva.com\/en\/wp-json\/wp\/v2\/media?parent=75"}],"curies":[{"name":"wp","href":"https:\/\/api.w.org\/{rel}","templated":true}]}}