{"id":71,"date":"2024-10-18T21:39:33","date_gmt":"2024-10-18T21:39:33","guid":{"rendered":"https:\/\/liberacionprogresiva.com\/?page_id=71"},"modified":"2024-11-01T17:55:50","modified_gmt":"2024-11-01T17:55:50","slug":"declaracion-de-mision","status":"publish","type":"page","link":"https:\/\/liberacionprogresiva.com\/en\/declaracion-de-mision\/","title":{"rendered":"Mission statement"},"content":{"rendered":"<h3 class=\"wp-block-heading\"><strong>Mission Statement for the Progressive Liberation Website<\/strong><\/h3>\n\n\n\n<p class=\"\">Our mission in <strong>Progressive Release<\/strong> is to guide people on a life-changing journey toward spiritual freedom and fulfillment. Through biblical teaching, practical resources, and powerful prayer, we are committed to helping people break free from spiritual bondage and experience progressive growth in their relationship with God. We believe that deliverance is not a one-time event, but rather an ongoing process of spiritual liberation and development.<\/p>\n\n\n\n<p class=\"\">Our goal is to empower believers to embrace the path of progressive deliverance, equipping them to overcome obstacles, deepen their faith, and walk in the fullness of freedom that Christ offers. We strive to create a supportive and encouraging environment where people can grow, heal, and be set free, step by step.<\/p>","protected":false},"excerpt":{"rendered":"<p>Declaraci\u00f3n de Misi\u00f3n para el Sitio Web de Liberaci\u00f3n Progresiva Nuestra misi\u00f3n en Liberaci\u00f3n Progresiva es guiar a las personas en un viaje transformador hacia la libertad y plenitud espiritual. A trav\u00e9s de ense\u00f1anzas b\u00edblicas, recursos pr\u00e1cticos y oraciones poderosas, estamos comprometidos a ayudar a las personas a liberarse de las ataduras espirituales y a [&hellip;]<\/p>\n","protected":false},"author":1,"featured_media":0,"parent":0,"menu_order":0,"comment_status":"closed","ping_status":"closed","template":"","meta":{"nf_dc_page":"","om_disable_all_campaigns":false,"_monsterinsights_skip_tracking":false,"_monsterinsights_sitenote_active":false,"_monsterinsights_sitenote_note":"","_monsterinsights_sitenote_category":0,"_uf_show_specific_survey":0,"_uf_disable_surveys":false,"footnotes":""},"class_list":["post-71","page","type-page","status-publish","hentry"],"aioseo_notices":[],"yoast_head":"<!-- This site is optimized with the Yoast SEO plugin v27.5 - https:\/\/yoast.com\/product\/yoast-seo-wordpress\/ -->\n<title>Declaraci\u00f3n de misi\u00f3n - Bienvenidos a Liberaci\u00f3n Progresiva<\/title>\n<meta name=\"robots\" content=\"index, follow, max-snippet:-1, max-image-preview:large, max-video-preview:-1\" \/>\n<link rel=\"canonical\" href=\"https:\/\/liberacionprogresiva.com\/en\/declaracion-de-mision\/\" \/>\n<meta property=\"og:locale\" content=\"en_US\" \/>\n<meta property=\"og:type\" content=\"article\" \/>\n<meta property=\"og:title\" content=\"Declaraci\u00f3n de misi\u00f3n - Bienvenidos a Liberaci\u00f3n Progresiva\" \/>\n<meta property=\"og:description\" content=\"Declaraci\u00f3n de Misi\u00f3n para el Sitio Web de Liberaci\u00f3n Progresiva Nuestra misi\u00f3n en Liberaci\u00f3n Progresiva es guiar a las personas en un viaje transformador hacia la libertad y plenitud espiritual. A trav\u00e9s de ense\u00f1anzas b\u00edblicas, recursos pr\u00e1cticos y oraciones poderosas, estamos comprometidos a ayudar a las personas a liberarse de las ataduras espirituales y a [&hellip;]\" \/>\n<meta property=\"og:url\" content=\"https:\/\/liberacionprogresiva.com\/en\/declaracion-de-mision\/\" \/>\n<meta property=\"og:site_name\" content=\"Bienvenidos a Liberaci\u00f3n Progresiva\" \/>\n<meta property=\"article:publisher\" content=\"https:\/\/www.facebook.com\/liberacionprogresiva\" \/>\n<meta property=\"article:modified_time\" content=\"2024-11-01T17:55:50+00:00\" \/>\n<meta name=\"twitter:card\" content=\"summary_large_image\" \/>\n<meta name=\"twitter:label1\" content=\"Est. reading time\" \/>\n\t<meta name=\"twitter:data1\" content=\"1 minute\" \/>\n<script type=\"application\/ld+json\" class=\"yoast-schema-graph\">{\"@context\":\"https:\\\/\\\/schema.org\",\"@graph\":[{\"@type\":\"WebPage\",\"@id\":\"https:\\\/\\\/liberacionprogresiva.com\\\/declaracion-de-mision\\\/\",\"url\":\"https:\\\/\\\/liberacionprogresiva.com\\\/declaracion-de-mision\\\/\",\"name\":\"Declaraci\u00f3n de misi\u00f3n - Bienvenidos a Liberaci\u00f3n Progresiva\",\"isPartOf\":{\"@id\":\"https:\\\/\\\/liberacionprogresiva.com\\\/#website\"},\"datePublished\":\"2024-10-18T21:39:33+00:00\",\"dateModified\":\"2024-11-01T17:55:50+00:00\",\"breadcrumb\":{\"@id\":\"https:\\\/\\\/liberacionprogresiva.com\\\/declaracion-de-mision\\\/#breadcrumb\"},\"inLanguage\":\"en-US\",\"potentialAction\":[{\"@type\":\"ReadAction\",\"target\":[\"https:\\\/\\\/liberacionprogresiva.com\\\/declaracion-de-mision\\\/\"]}]},{\"@type\":\"BreadcrumbList\",\"@id\":\"https:\\\/\\\/liberacionprogresiva.com\\\/declaracion-de-mision\\\/#breadcrumb\",\"itemListElement\":[{\"@type\":\"ListItem\",\"position\":1,\"name\":\"Home\",\"item\":\"https:\\\/\\\/liberacionprogresiva.com\\\/\"},{\"@type\":\"ListItem\",\"position\":2,\"name\":\"Declaraci\u00f3n de misi\u00f3n\"}]},{\"@type\":\"WebSite\",\"@id\":\"https:\\\/\\\/liberacionprogresiva.com\\\/#website\",\"url\":\"https:\\\/\\\/liberacionprogresiva.com\\\/\",\"name\":\"Liberaci\u00f3n Progresiva\",\"description\":\"Liberacion Progresiva\",\"publisher\":{\"@id\":\"https:\\\/\\\/liberacionprogresiva.com\\\/#organization\"},\"potentialAction\":[{\"@type\":\"SearchAction\",\"target\":{\"@type\":\"EntryPoint\",\"urlTemplate\":\"https:\\\/\\\/liberacionprogresiva.com\\\/?s={search_term_string}\"},\"query-input\":{\"@type\":\"PropertyValueSpecification\",\"valueRequired\":true,\"valueName\":\"search_term_string\"}}],\"inLanguage\":\"en-US\"},{\"@type\":\"Organization\",\"@id\":\"https:\\\/\\\/liberacionprogresiva.com\\\/#organization\",\"name\":\"Liberaci\u00f3n Progresiva\",\"url\":\"https:\\\/\\\/liberacionprogresiva.com\\\/\",\"logo\":{\"@type\":\"ImageObject\",\"inLanguage\":\"en-US\",\"@id\":\"https:\\\/\\\/liberacionprogresiva.com\\\/#\\\/schema\\\/logo\\\/image\\\/\",\"url\":\"https:\\\/\\\/i0.wp.com\\\/liberacionprogresiva.com\\\/wp-content\\\/uploads\\\/2024\\\/10\\\/Liberacion-Progresiva-Pastor-Omar-Figueras-liberacionprogresiva-doxidonut-1-1.png?fit=2000%2C2000&ssl=1\",\"contentUrl\":\"https:\\\/\\\/i0.wp.com\\\/liberacionprogresiva.com\\\/wp-content\\\/uploads\\\/2024\\\/10\\\/Liberacion-Progresiva-Pastor-Omar-Figueras-liberacionprogresiva-doxidonut-1-1.png?fit=2000%2C2000&ssl=1\",\"width\":2000,\"height\":2000,\"caption\":\"Liberaci\u00f3n Progresiva\"},\"image\":{\"@id\":\"https:\\\/\\\/liberacionprogresiva.com\\\/#\\\/schema\\\/logo\\\/image\\\/\"},\"sameAs\":[\"https:\\\/\\\/www.facebook.com\\\/liberacionprogresiva\",\"https:\\\/\\\/www.t.me\\\/liberacionprogresiva\",\"https:\\\/\\\/www.instagram.com\\\/liberacionprogresiva\",\"https:\\\/\\\/www.pinterest.com\\\/liberacionprogresiva\",\"https:\\\/\\\/www.linkedin.com\\\/in\\\/liberacionprogresiva\",\"https:\\\/\\\/www.tumblr.com\\\/liberacionprogresiva\"]}]}<\/script>\n<!-- \/ Yoast SEO plugin. -->","yoast_head_json":{"title":"Declaraci\u00f3n de misi\u00f3n - Bienvenidos a Liberaci\u00f3n Progresiva","robots":{"index":"index","follow":"follow","max-snippet":"max-snippet:-1","max-image-preview":"max-image-preview:large","max-video-preview":"max-video-preview:-1"},"canonical":"https:\/\/liberacionprogresiva.com\/en\/declaracion-de-mision\/","og_locale":"en_US","og_type":"article","og_title":"Declaraci\u00f3n de misi\u00f3n - Bienvenidos a Liberaci\u00f3n Progresiva","og_description":"Declaraci\u00f3n de Misi\u00f3n para el Sitio Web de Liberaci\u00f3n Progresiva Nuestra misi\u00f3n en Liberaci\u00f3n Progresiva es guiar a las personas en un viaje transformador hacia la libertad y plenitud espiritual. A trav\u00e9s de ense\u00f1anzas b\u00edblicas, recursos pr\u00e1cticos y oraciones poderosas, estamos comprometidos a ayudar a las personas a liberarse de las ataduras espirituales y a [&hellip;]","og_url":"https:\/\/liberacionprogresiva.com\/en\/declaracion-de-mision\/","og_site_name":"Bienvenidos a Liberaci\u00f3n Progresiva","article_publisher":"https:\/\/www.facebook.com\/liberacionprogresiva","article_modified_time":"2024-11-01T17:55:50+00:00","twitter_card":"summary_large_image","twitter_misc":{"Est. reading time":"1 minute"},"schema":{"@context":"https:\/\/schema.org","@graph":[{"@type":"WebPage","@id":"https:\/\/liberacionprogresiva.com\/declaracion-de-mision\/","url":"https:\/\/liberacionprogresiva.com\/declaracion-de-mision\/","name":"Declaraci\u00f3n de misi\u00f3n - Bienvenidos a Liberaci\u00f3n Progresiva","isPartOf":{"@id":"https:\/\/liberacionprogresiva.com\/#website"},"datePublished":"2024-10-18T21:39:33+00:00","dateModified":"2024-11-01T17:55:50+00:00","breadcrumb":{"@id":"https:\/\/liberacionprogresiva.com\/declaracion-de-mision\/#breadcrumb"},"inLanguage":"en-US","potentialAction":[{"@type":"ReadAction","target":["https:\/\/liberacionprogresiva.com\/declaracion-de-mision\/"]}]},{"@type":"BreadcrumbList","@id":"https:\/\/liberacionprogresiva.com\/declaracion-de-mision\/#breadcrumb","itemListElement":[{"@type":"ListItem","position":1,"name":"Home","item":"https:\/\/liberacionprogresiva.com\/"},{"@type":"ListItem","position":2,"name":"Declaraci\u00f3n de misi\u00f3n"}]},{"@type":"WebSite","@id":"https:\/\/liberacionprogresiva.com\/#website","url":"https:\/\/liberacionprogresiva.com\/","name":"Progressive Release","description":"Progressive Release","publisher":{"@id":"https:\/\/liberacionprogresiva.com\/#organization"},"potentialAction":[{"@type":"SearchAction","target":{"@type":"EntryPoint","urlTemplate":"https:\/\/liberacionprogresiva.com\/?s={search_term_string}"},"query-input":{"@type":"PropertyValueSpecification","valueRequired":true,"valueName":"search_term_string"}}],"inLanguage":"en-US"},{"@type":"Organization","@id":"https:\/\/liberacionprogresiva.com\/#organization","name":"Progressive Release","url":"https:\/\/liberacionprogresiva.com\/","logo":{"@type":"ImageObject","inLanguage":"en-US","@id":"https:\/\/liberacionprogresiva.com\/#\/schema\/logo\/image\/","url":"https:\/\/i0.wp.com\/liberacionprogresiva.com\/wp-content\/uploads\/2024\/10\/Liberacion-Progresiva-Pastor-Omar-Figueras-liberacionprogresiva-doxidonut-1-1.png?fit=2000%2C2000&ssl=1","contentUrl":"https:\/\/i0.wp.com\/liberacionprogresiva.com\/wp-content\/uploads\/2024\/10\/Liberacion-Progresiva-Pastor-Omar-Figueras-liberacionprogresiva-doxidonut-1-1.png?fit=2000%2C2000&ssl=1","width":2000,"height":2000,"caption":"Liberaci\u00f3n Progresiva"},"image":{"@id":"https:\/\/liberacionprogresiva.com\/#\/schema\/logo\/image\/"},"sameAs":["https:\/\/www.facebook.com\/liberacionprogresiva","https:\/\/www.t.me\/liberacionprogresiva","https:\/\/www.instagram.com\/liberacionprogresiva","https:\/\/www.pinterest.com\/liberacionprogresiva","https:\/\/www.linkedin.com\/in\/liberacionprogresiva","https:\/\/www.tumblr.com\/liberacionprogresiva"]}]}},"jetpack_sharing_enabled":true,"_links":{"self":[{"href":"https:\/\/liberacionprogresiva.com\/en\/wp-json\/wp\/v2\/pages\/71","targetHints":{"allow":["GET"]}}],"collection":[{"href":"https:\/\/liberacionprogresiva.com\/en\/wp-json\/wp\/v2\/pages"}],"about":[{"href":"https:\/\/liberacionprogresiva.com\/en\/wp-json\/wp\/v2\/types\/page"}],"author":[{"embeddable":true,"href":"https:\/\/liberacionprogresiva.com\/en\/wp-json\/wp\/v2\/users\/1"}],"replies":[{"embeddable":true,"href":"https:\/\/liberacionprogresiva.com\/en\/wp-json\/wp\/v2\/comments?post=71"}],"version-history":[{"count":1,"href":"https:\/\/liberacionprogresiva.com\/en\/wp-json\/wp\/v2\/pages\/71\/revisions"}],"predecessor-version":[{"id":72,"href":"https:\/\/liberacionprogresiva.com\/en\/wp-json\/wp\/v2\/pages\/71\/revisions\/72"}],"wp:attachment":[{"href":"https:\/\/liberacionprogresiva.com\/en\/wp-json\/wp\/v2\/media?parent=71"}],"curies":[{"name":"wp","href":"https:\/\/api.w.org\/{rel}","templated":true}]}}