{"id":494,"date":"2025-08-01T16:40:11","date_gmt":"2025-08-01T16:40:11","guid":{"rendered":"https:\/\/liberacionprogresiva.com\/?page_id=494"},"modified":"2025-08-07T19:31:56","modified_gmt":"2025-08-07T19:31:56","slug":"personal-encounters","status":"publish","type":"page","link":"https:\/\/liberacionprogresiva.com\/en\/personal-encounters\/","title":{"rendered":"Personal encounters"},"content":{"rendered":"<p class=\"has-x-large-font-size\"><strong>Personal Liberation Meetings<\/strong><\/p>\n\n\n\n<p class=\"has-medium-font-size\">Have you gone through &quot;The Transformation Process&quot; and discovered that certain deeply ingrained habits or spiritual bondages are still holding you back? Although our transformation process is designed for self-deliverance with God&#039;s help, some challenges require specialized spiritual ministry from an external deliverance minister.<\/p>\n\n\n\n<p class=\"has-medium-font-size\">These personal liberation meetings are designed to identify the <strong>root cause<\/strong> of persistent problems, using <strong>spiritual authority<\/strong> and techniques that you may not be able to apply on your own.<\/p>\n\n\n\n<h3 class=\"wp-block-heading has-large-font-size\">Who is this for?<\/h3>\n\n\n\n<p class=\"has-medium-font-size\">We recommend Personal Liberation Gatherings to those who have diligently committed to &quot;The Transformation Process&quot; (available in our book and on this website) and have identified specific areas or habits that remain unshaken despite their efforts. This includes:<\/p>\n\n\n\n<ul class=\"wp-block-list\">\n<li class=\"has-medium-font-size\"><strong>Negative patterns<\/strong> deeply rooted.<\/li>\n\n\n\n<li class=\"has-medium-font-size\">Habits connected to deeper routines, behaviors, and patterns.<\/li>\n\n\n\n<li class=\"has-medium-font-size\">Behaviors derived from <strong>underlying emotions<\/strong> such as stress, fear or insecurity.<\/li>\n\n\n\n<li class=\"has-medium-font-size\">Habits that are difficult for you to overcome through your own effort alone.<\/li>\n<\/ul>\n\n\n\n<h3 class=\"wp-block-heading has-large-font-size\">What to expect:<\/h3>\n\n\n\n<p class=\"has-medium-font-size\">Our Personal Liberation Gatherings offer a focused session with a Minister of Deliverance to help you identify and address the <strong>spiritual roots<\/strong> of these challenging areas. The goal is to facilitate a <strong>decisive breakthrough<\/strong> where one&#039;s own efforts have proved insufficient.<\/p>\n\n\n\n<h3 class=\"wp-block-heading has-large-font-size\">Important note:<\/h3>\n\n\n\n<p class=\"has-medium-font-size\">We strongly recommend that you first complete &quot;The Transformation Process&quot; before seeking a personal liberation meeting. This ensures that you have a fundamental understanding and have actively participated in the self-liberation aspects of the process. A comprehensive list of areas to be processed is available in our book and throughout this website.<\/p>\n\n\n\n<p class=\"has-medium-font-size\">Ready to take the next step towards <strong>complete freedom<\/strong>?<\/p>\n\n\n\n<p class=\"has-vivid-red-color has-blush-light-purple-gradient-background has-text-color has-background has-link-color has-medium-font-size wp-elements-81567f54d673d50500bfa6e73be3317c\"><strong>Contact us today to learn more and schedule your Personal Liberation Meeting. Email: <em>liberacionprogresiva@gmail.com<\/em><\/strong><\/p>\n\n\n\n<p class=\"has-vivid-red-color has-blush-light-purple-gradient-background has-text-color has-background has-link-color has-medium-font-size wp-elements-66dcb8fabd2194982b0e5c7971574437\"><strong><a href=\"https:\/\/liberacionprogresiva.com\/en\/autoexamen\/\">Book your release meeting<\/a> Making a <em>self-examination<\/em>.<\/strong><\/p>\n\n\n\n<p class=\"has-vivid-red-color has-blush-light-purple-gradient-background has-text-color has-background has-link-color has-medium-font-size wp-elements-46422296d289a594e86b573c45be5e80\"><strong><a href=\"https:\/\/liberacionprogresiva.com\/en\/autoexamen\/\">If you wish, subscribe to our mailing list to receive news, events, and live prayer groups on YouTube. Don&#039;t forget to visit our channel! <em>YouTube @LiberacionProgresiva!<\/em><\/a><em> <a data-type=\"page\" data-id=\"210\" href=\"https:\/\/liberacionprogresiva.com\/en\/lista-de-correo\/\">Click here to subscribe to our mailing list!<\/a><\/em><\/strong><\/p>\n\n\n\n<p class=\"has-vivid-red-color has-blush-light-purple-gradient-background has-text-color has-background has-link-color has-medium-font-size wp-elements-7611fbd6284d642481bb52b191d527ca\"><strong>If you wish, subscribe to our mailing list to receive news, events, and live prayer groups on YouTube. Don&#039;t forget to visit our YouTube channel @LiberacionProgresiva!<em> <a href=\"https:\/\/www.youtube.com\/@liberacionprogresiva\">https:\/\/www.youtube.com\/@liberacionprogresiva<\/a><\/em><\/strong><\/p>\n\n\n\n<p class=\"\"><\/p>","protected":false},"excerpt":{"rendered":"<p>Encuentros de Liberaci\u00f3n Personal \u00bfHas pasado por &#8220;El Proceso de Transformaci\u00f3n&#8221; y has descubierto que ciertos h\u00e1bitos profundamente arraigados o ataduras espirituales todav\u00eda te est\u00e1n frenando? Aunque nuestro proceso de transformaci\u00f3n est\u00e1 dise\u00f1ado para la autoliberaci\u00f3n con la ayuda de Dios, algunos desaf\u00edos requieren un ministerio espiritual especializado de un ministro de liberaci\u00f3n externo. Estos [&hellip;]<\/p>\n","protected":false},"author":1,"featured_media":0,"parent":0,"menu_order":0,"comment_status":"closed","ping_status":"closed","template":"","meta":{"nf_dc_page":"","om_disable_all_campaigns":false,"_monsterinsights_skip_tracking":false,"_monsterinsights_sitenote_active":false,"_monsterinsights_sitenote_note":"","_monsterinsights_sitenote_category":0,"_uf_show_specific_survey":0,"_uf_disable_surveys":false,"footnotes":""},"class_list":["post-494","page","type-page","status-publish","hentry"],"aioseo_notices":[],"yoast_head":"<!-- This site is optimized with the Yoast SEO plugin v27.5 - https:\/\/yoast.com\/product\/yoast-seo-wordpress\/ -->\n<title>Encuentros personales - Bienvenidos a Liberaci\u00f3n Progresiva<\/title>\n<meta name=\"robots\" content=\"index, follow, max-snippet:-1, max-image-preview:large, max-video-preview:-1\" \/>\n<link rel=\"canonical\" href=\"https:\/\/liberacionprogresiva.com\/en\/personal-encounters\/\" \/>\n<meta property=\"og:locale\" content=\"en_US\" \/>\n<meta property=\"og:type\" content=\"article\" \/>\n<meta property=\"og:title\" content=\"Encuentros personales - Bienvenidos a Liberaci\u00f3n Progresiva\" \/>\n<meta property=\"og:description\" content=\"Encuentros de Liberaci\u00f3n Personal \u00bfHas pasado por &#8220;El Proceso de Transformaci\u00f3n&#8221; y has descubierto que ciertos h\u00e1bitos profundamente arraigados o ataduras espirituales todav\u00eda te est\u00e1n frenando? Aunque nuestro proceso de transformaci\u00f3n est\u00e1 dise\u00f1ado para la autoliberaci\u00f3n con la ayuda de Dios, algunos desaf\u00edos requieren un ministerio espiritual especializado de un ministro de liberaci\u00f3n externo. Estos [&hellip;]\" \/>\n<meta property=\"og:url\" content=\"https:\/\/liberacionprogresiva.com\/en\/personal-encounters\/\" \/>\n<meta property=\"og:site_name\" content=\"Bienvenidos a Liberaci\u00f3n Progresiva\" \/>\n<meta property=\"article:publisher\" content=\"https:\/\/www.facebook.com\/liberacionprogresiva\" \/>\n<meta property=\"article:modified_time\" content=\"2025-08-07T19:31:56+00:00\" \/>\n<meta name=\"twitter:card\" content=\"summary_large_image\" \/>\n<meta name=\"twitter:label1\" content=\"Est. reading time\" \/>\n\t<meta name=\"twitter:data1\" content=\"2 minutes\" \/>\n<script type=\"application\/ld+json\" class=\"yoast-schema-graph\">{\"@context\":\"https:\\\/\\\/schema.org\",\"@graph\":[{\"@type\":\"WebPage\",\"@id\":\"https:\\\/\\\/liberacionprogresiva.com\\\/personal-encounters\\\/\",\"url\":\"https:\\\/\\\/liberacionprogresiva.com\\\/personal-encounters\\\/\",\"name\":\"Encuentros personales - Bienvenidos a Liberaci\u00f3n Progresiva\",\"isPartOf\":{\"@id\":\"https:\\\/\\\/liberacionprogresiva.com\\\/#website\"},\"datePublished\":\"2025-08-01T16:40:11+00:00\",\"dateModified\":\"2025-08-07T19:31:56+00:00\",\"breadcrumb\":{\"@id\":\"https:\\\/\\\/liberacionprogresiva.com\\\/personal-encounters\\\/#breadcrumb\"},\"inLanguage\":\"en-US\",\"potentialAction\":[{\"@type\":\"ReadAction\",\"target\":[\"https:\\\/\\\/liberacionprogresiva.com\\\/personal-encounters\\\/\"]}]},{\"@type\":\"BreadcrumbList\",\"@id\":\"https:\\\/\\\/liberacionprogresiva.com\\\/personal-encounters\\\/#breadcrumb\",\"itemListElement\":[{\"@type\":\"ListItem\",\"position\":1,\"name\":\"Home\",\"item\":\"https:\\\/\\\/liberacionprogresiva.com\\\/\"},{\"@type\":\"ListItem\",\"position\":2,\"name\":\"Encuentros personales\"}]},{\"@type\":\"WebSite\",\"@id\":\"https:\\\/\\\/liberacionprogresiva.com\\\/#website\",\"url\":\"https:\\\/\\\/liberacionprogresiva.com\\\/\",\"name\":\"Liberaci\u00f3n Progresiva\",\"description\":\"Liberacion Progresiva\",\"publisher\":{\"@id\":\"https:\\\/\\\/liberacionprogresiva.com\\\/#organization\"},\"potentialAction\":[{\"@type\":\"SearchAction\",\"target\":{\"@type\":\"EntryPoint\",\"urlTemplate\":\"https:\\\/\\\/liberacionprogresiva.com\\\/?s={search_term_string}\"},\"query-input\":{\"@type\":\"PropertyValueSpecification\",\"valueRequired\":true,\"valueName\":\"search_term_string\"}}],\"inLanguage\":\"en-US\"},{\"@type\":\"Organization\",\"@id\":\"https:\\\/\\\/liberacionprogresiva.com\\\/#organization\",\"name\":\"Liberaci\u00f3n Progresiva\",\"url\":\"https:\\\/\\\/liberacionprogresiva.com\\\/\",\"logo\":{\"@type\":\"ImageObject\",\"inLanguage\":\"en-US\",\"@id\":\"https:\\\/\\\/liberacionprogresiva.com\\\/#\\\/schema\\\/logo\\\/image\\\/\",\"url\":\"https:\\\/\\\/i0.wp.com\\\/liberacionprogresiva.com\\\/wp-content\\\/uploads\\\/2024\\\/10\\\/Liberacion-Progresiva-Pastor-Omar-Figueras-liberacionprogresiva-doxidonut-1-1.png?fit=2000%2C2000&ssl=1\",\"contentUrl\":\"https:\\\/\\\/i0.wp.com\\\/liberacionprogresiva.com\\\/wp-content\\\/uploads\\\/2024\\\/10\\\/Liberacion-Progresiva-Pastor-Omar-Figueras-liberacionprogresiva-doxidonut-1-1.png?fit=2000%2C2000&ssl=1\",\"width\":2000,\"height\":2000,\"caption\":\"Liberaci\u00f3n Progresiva\"},\"image\":{\"@id\":\"https:\\\/\\\/liberacionprogresiva.com\\\/#\\\/schema\\\/logo\\\/image\\\/\"},\"sameAs\":[\"https:\\\/\\\/www.facebook.com\\\/liberacionprogresiva\",\"https:\\\/\\\/www.t.me\\\/liberacionprogresiva\",\"https:\\\/\\\/www.instagram.com\\\/liberacionprogresiva\",\"https:\\\/\\\/www.pinterest.com\\\/liberacionprogresiva\",\"https:\\\/\\\/www.linkedin.com\\\/in\\\/liberacionprogresiva\",\"https:\\\/\\\/www.tumblr.com\\\/liberacionprogresiva\"]}]}<\/script>\n<!-- \/ Yoast SEO plugin. -->","yoast_head_json":{"title":"Encuentros personales - Bienvenidos a Liberaci\u00f3n Progresiva","robots":{"index":"index","follow":"follow","max-snippet":"max-snippet:-1","max-image-preview":"max-image-preview:large","max-video-preview":"max-video-preview:-1"},"canonical":"https:\/\/liberacionprogresiva.com\/en\/personal-encounters\/","og_locale":"en_US","og_type":"article","og_title":"Encuentros personales - Bienvenidos a Liberaci\u00f3n Progresiva","og_description":"Encuentros de Liberaci\u00f3n Personal \u00bfHas pasado por &#8220;El Proceso de Transformaci\u00f3n&#8221; y has descubierto que ciertos h\u00e1bitos profundamente arraigados o ataduras espirituales todav\u00eda te est\u00e1n frenando? Aunque nuestro proceso de transformaci\u00f3n est\u00e1 dise\u00f1ado para la autoliberaci\u00f3n con la ayuda de Dios, algunos desaf\u00edos requieren un ministerio espiritual especializado de un ministro de liberaci\u00f3n externo. Estos [&hellip;]","og_url":"https:\/\/liberacionprogresiva.com\/en\/personal-encounters\/","og_site_name":"Bienvenidos a Liberaci\u00f3n Progresiva","article_publisher":"https:\/\/www.facebook.com\/liberacionprogresiva","article_modified_time":"2025-08-07T19:31:56+00:00","twitter_card":"summary_large_image","twitter_misc":{"Est. reading time":"2 minutes"},"schema":{"@context":"https:\/\/schema.org","@graph":[{"@type":"WebPage","@id":"https:\/\/liberacionprogresiva.com\/personal-encounters\/","url":"https:\/\/liberacionprogresiva.com\/personal-encounters\/","name":"Encuentros personales - Bienvenidos a Liberaci\u00f3n Progresiva","isPartOf":{"@id":"https:\/\/liberacionprogresiva.com\/#website"},"datePublished":"2025-08-01T16:40:11+00:00","dateModified":"2025-08-07T19:31:56+00:00","breadcrumb":{"@id":"https:\/\/liberacionprogresiva.com\/personal-encounters\/#breadcrumb"},"inLanguage":"en-US","potentialAction":[{"@type":"ReadAction","target":["https:\/\/liberacionprogresiva.com\/personal-encounters\/"]}]},{"@type":"BreadcrumbList","@id":"https:\/\/liberacionprogresiva.com\/personal-encounters\/#breadcrumb","itemListElement":[{"@type":"ListItem","position":1,"name":"Home","item":"https:\/\/liberacionprogresiva.com\/"},{"@type":"ListItem","position":2,"name":"Encuentros personales"}]},{"@type":"WebSite","@id":"https:\/\/liberacionprogresiva.com\/#website","url":"https:\/\/liberacionprogresiva.com\/","name":"Progressive Release","description":"Progressive Release","publisher":{"@id":"https:\/\/liberacionprogresiva.com\/#organization"},"potentialAction":[{"@type":"SearchAction","target":{"@type":"EntryPoint","urlTemplate":"https:\/\/liberacionprogresiva.com\/?s={search_term_string}"},"query-input":{"@type":"PropertyValueSpecification","valueRequired":true,"valueName":"search_term_string"}}],"inLanguage":"en-US"},{"@type":"Organization","@id":"https:\/\/liberacionprogresiva.com\/#organization","name":"Progressive Release","url":"https:\/\/liberacionprogresiva.com\/","logo":{"@type":"ImageObject","inLanguage":"en-US","@id":"https:\/\/liberacionprogresiva.com\/#\/schema\/logo\/image\/","url":"https:\/\/i0.wp.com\/liberacionprogresiva.com\/wp-content\/uploads\/2024\/10\/Liberacion-Progresiva-Pastor-Omar-Figueras-liberacionprogresiva-doxidonut-1-1.png?fit=2000%2C2000&ssl=1","contentUrl":"https:\/\/i0.wp.com\/liberacionprogresiva.com\/wp-content\/uploads\/2024\/10\/Liberacion-Progresiva-Pastor-Omar-Figueras-liberacionprogresiva-doxidonut-1-1.png?fit=2000%2C2000&ssl=1","width":2000,"height":2000,"caption":"Liberaci\u00f3n Progresiva"},"image":{"@id":"https:\/\/liberacionprogresiva.com\/#\/schema\/logo\/image\/"},"sameAs":["https:\/\/www.facebook.com\/liberacionprogresiva","https:\/\/www.t.me\/liberacionprogresiva","https:\/\/www.instagram.com\/liberacionprogresiva","https:\/\/www.pinterest.com\/liberacionprogresiva","https:\/\/www.linkedin.com\/in\/liberacionprogresiva","https:\/\/www.tumblr.com\/liberacionprogresiva"]}]}},"jetpack_sharing_enabled":true,"_links":{"self":[{"href":"https:\/\/liberacionprogresiva.com\/en\/wp-json\/wp\/v2\/pages\/494","targetHints":{"allow":["GET"]}}],"collection":[{"href":"https:\/\/liberacionprogresiva.com\/en\/wp-json\/wp\/v2\/pages"}],"about":[{"href":"https:\/\/liberacionprogresiva.com\/en\/wp-json\/wp\/v2\/types\/page"}],"author":[{"embeddable":true,"href":"https:\/\/liberacionprogresiva.com\/en\/wp-json\/wp\/v2\/users\/1"}],"replies":[{"embeddable":true,"href":"https:\/\/liberacionprogresiva.com\/en\/wp-json\/wp\/v2\/comments?post=494"}],"version-history":[{"count":9,"href":"https:\/\/liberacionprogresiva.com\/en\/wp-json\/wp\/v2\/pages\/494\/revisions"}],"predecessor-version":[{"id":514,"href":"https:\/\/liberacionprogresiva.com\/en\/wp-json\/wp\/v2\/pages\/494\/revisions\/514"}],"wp:attachment":[{"href":"https:\/\/liberacionprogresiva.com\/en\/wp-json\/wp\/v2\/media?parent=494"}],"curies":[{"name":"wp","href":"https:\/\/api.w.org\/{rel}","templated":true}]}}