{"id":443,"date":"2024-12-26T17:25:53","date_gmt":"2024-12-26T17:25:53","guid":{"rendered":"https:\/\/liberacionprogresiva.com\/?page_id=443"},"modified":"2025-01-10T03:37:44","modified_gmt":"2025-01-10T03:37:44","slug":"descargar-aplicacion-para-telefono","status":"publish","type":"page","link":"https:\/\/liberacionprogresiva.com\/en\/descargar-aplicacion-para-telefono\/","title":{"rendered":"Download the app for your phone"},"content":{"rendered":"<div class=\"is-style-default wp-block-media-text is-stacked-on-mobile\"><figure class=\"wp-block-media-text__media\"><a href=\"https:\/\/play.google.com\/store\/apps\/details?id=com.jesusellibertador.liberacionprogresiva\"><img data-recalc-dims=\"1\" fetchpriority=\"high\" decoding=\"async\" width=\"1024\" height=\"691\" src=\"https:\/\/i0.wp.com\/liberacionprogresiva.com\/wp-content\/uploads\/2025\/01\/GooglePlayImage4LP1-2-1.jpg?resize=1024%2C691&#038;ssl=1\" alt=\"\u00a1Haga clic aqu\u00ed para obtener la aplicaci\u00f3n desde Google PlayStore!\" class=\"wp-image-466 size-full\" srcset=\"https:\/\/i0.wp.com\/liberacionprogresiva.com\/wp-content\/uploads\/2025\/01\/GooglePlayImage4LP1-2-1.jpg?resize=1024%2C691&amp;ssl=1 1024w, https:\/\/i0.wp.com\/liberacionprogresiva.com\/wp-content\/uploads\/2025\/01\/GooglePlayImage4LP1-2-1.jpg?resize=300%2C203&amp;ssl=1 300w, https:\/\/i0.wp.com\/liberacionprogresiva.com\/wp-content\/uploads\/2025\/01\/GooglePlayImage4LP1-2-1.jpg?resize=150%2C101&amp;ssl=1 150w, https:\/\/i0.wp.com\/liberacionprogresiva.com\/wp-content\/uploads\/2025\/01\/GooglePlayImage4LP1-2-1.jpg?resize=768%2C518&amp;ssl=1 768w, https:\/\/i0.wp.com\/liberacionprogresiva.com\/wp-content\/uploads\/2025\/01\/GooglePlayImage4LP1-2-1.jpg?resize=18%2C12&amp;ssl=1 18w, https:\/\/i0.wp.com\/liberacionprogresiva.com\/wp-content\/uploads\/2025\/01\/GooglePlayImage4LP1-2-1.jpg?resize=600%2C405&amp;ssl=1 600w, https:\/\/i0.wp.com\/liberacionprogresiva.com\/wp-content\/uploads\/2025\/01\/GooglePlayImage4LP1-2-1.jpg?w=1200&amp;ssl=1 1200w\" sizes=\"(max-width: 1000px) 100vw, 1000px\" \/><\/a><\/figure><div class=\"wp-block-media-text__content\">\n<p class=\"has-text-align-center has-base-color has-text-color has-background has-link-color wp-elements-a83cd9e1a024d9470f4d6de289e60955\" style=\"border-radius:68px;background:linear-gradient(90deg,rgb(2,3,129) 0%,rgb(40,116,252) 100%)\"><a href=\"https:\/\/play.google.com\/store\/apps\/details?id=com.jesusellibertador.liberacionprogresiva\"><strong>Click here to get the app from Google PlayStore!<\/strong><\/a><\/p>\n<\/div><\/div>\n\n\n<p><hr><\/p>\n\n\n<p class=\"\"><strong> \u2014 OR \u2014<\/strong><\/p>\n\n\n<hr \/>\n\n\n<p class=\"\">You can download the <em>new<\/em> Progressive Unlocking app for phone here now: <strong>(PLEASE READ INSTRUCTIONS BELOW)<\/strong><\/p>\n\n\n\n<div class=\"wp-block-buttons is-layout-flex wp-block-buttons-is-layout-flex\">\n<div class=\"wp-block-button\"><a class=\"wp-block-button__link wp-element-button\" href=\"https:\/\/www.liberacionprogresiva.com\/app\/rel\/LiberacionProgresiva.apk\">Click here to download the <em>new<\/em> Progressive Unlock Phone App Now!<\/a><\/div>\n<\/div>\n\n\n\n<figure class=\"wp-block-image size-full is-resized\"><img data-recalc-dims=\"1\" decoding=\"async\" width=\"512\" height=\"512\" src=\"https:\/\/i0.wp.com\/liberacionprogresiva.com\/wp-content\/uploads\/2024\/12\/liberacionprogresivamainicon1.png?resize=512%2C512&#038;ssl=1\" alt=\"\" class=\"wp-image-445\" style=\"width:152px;height:auto\" srcset=\"https:\/\/i0.wp.com\/liberacionprogresiva.com\/wp-content\/uploads\/2024\/12\/liberacionprogresivamainicon1.png?w=512&amp;ssl=1 512w, https:\/\/i0.wp.com\/liberacionprogresiva.com\/wp-content\/uploads\/2024\/12\/liberacionprogresivamainicon1.png?resize=300%2C300&amp;ssl=1 300w, https:\/\/i0.wp.com\/liberacionprogresiva.com\/wp-content\/uploads\/2024\/12\/liberacionprogresivamainicon1.png?resize=150%2C150&amp;ssl=1 150w, https:\/\/i0.wp.com\/liberacionprogresiva.com\/wp-content\/uploads\/2024\/12\/liberacionprogresivamainicon1.png?resize=12%2C12&amp;ssl=1 12w\" sizes=\"(max-width: 512px) 100vw, 512px\" \/><\/figure>\n\n\n\n<figure class=\"wp-block-image size-large\"><img data-recalc-dims=\"1\" decoding=\"async\" width=\"640\" height=\"1024\" src=\"https:\/\/i0.wp.com\/liberacionprogresiva.com\/wp-content\/uploads\/2024\/12\/Screenshot_20241226-1209571.png?resize=640%2C1024&#038;ssl=1\" alt=\"\" class=\"wp-image-442\" srcset=\"https:\/\/i0.wp.com\/liberacionprogresiva.com\/wp-content\/uploads\/2024\/12\/Screenshot_20241226-1209571.png?resize=640%2C1024&amp;ssl=1 640w, https:\/\/i0.wp.com\/liberacionprogresiva.com\/wp-content\/uploads\/2024\/12\/Screenshot_20241226-1209571.png?resize=188%2C300&amp;ssl=1 188w, https:\/\/i0.wp.com\/liberacionprogresiva.com\/wp-content\/uploads\/2024\/12\/Screenshot_20241226-1209571.png?resize=94%2C150&amp;ssl=1 94w, https:\/\/i0.wp.com\/liberacionprogresiva.com\/wp-content\/uploads\/2024\/12\/Screenshot_20241226-1209571.png?resize=768%2C1229&amp;ssl=1 768w, https:\/\/i0.wp.com\/liberacionprogresiva.com\/wp-content\/uploads\/2024\/12\/Screenshot_20241226-1209571.png?resize=8%2C12&amp;ssl=1 8w, https:\/\/i0.wp.com\/liberacionprogresiva.com\/wp-content\/uploads\/2024\/12\/Screenshot_20241226-1209571.png?resize=600%2C960&amp;ssl=1 600w, https:\/\/i0.wp.com\/liberacionprogresiva.com\/wp-content\/uploads\/2024\/12\/Screenshot_20241226-1209571.png?w=800&amp;ssl=1 800w\" sizes=\"(max-width: 640px) 100vw, 640px\" \/><\/figure>\n\n\n\n<div class=\"wp-block-buttons is-layout-flex wp-block-buttons-is-layout-flex\">\n<div class=\"wp-block-button\"><a class=\"wp-block-button__link wp-element-button\" href=\"https:\/\/www.liberacionprogresiva.com\/app\/rel\/LiberacionProgresiva.apk\" target=\"_blank\" rel=\"noreferrer noopener\">Click here to download the <em>new<\/em> Progressive Unlock Phone App Now!<\/a><\/div>\n<\/div>\n\n\n\n<p class=\"\"><em><strong>PLEASE READ THESE SIMPLE INSTRUCTIONS<\/strong><\/em><br>*Keep the download (if prompted when downloading)<br>*Allow settings to download the app from an unverified source (when\/if prompted)<br>*Open the file (LiberacionProgresiva.apk) after downloading it to your phone.<br>*When\/if Play Store asks you to scan the file, do so.<br>*Install the file.<\/p>\n\n\n\n<p class=\"\">Once the installation is complete, open the file and allow app notifications.<\/p>\n\n\n\n<p class=\"\">And enjoy! God bless you!<\/p>\n\n\n\n<div class=\"wp-block-buttons is-layout-flex wp-block-buttons-is-layout-flex\">\n<div class=\"wp-block-button\"><a class=\"wp-block-button__link wp-element-button\" href=\"https:\/\/play.google.com\/store\/apps\/details?id=com.jesusellibertador.liberacionprogresiva\">Click here to get the app from Google PlayStore!<\/a><\/div>\n<\/div>\n\n\n\n<p class=\"\"><\/p>","protected":false},"excerpt":{"rendered":"<p>\u00a1Haga clic aqu\u00ed para obtener la aplicaci\u00f3n desde Google PlayStore! &#8212; OR &#8212; Puedes descargar la nueva aplicaci\u00f3n Liberaci\u00f3n Progresiva para tel\u00e9fono aqu\u00ed ahora: (POR FAVOR, LEA LAS INSTRUCCIONES A CONTINUACI\u00d3N) POR FAVOR LEA ESTAS SENCILLAS INSTRUCCIONES*Mant\u00e9n la descarga (si te lo pide al descargarla)*Permite que la configuraci\u00f3n descargue la aplicaci\u00f3n de una fuente no [&hellip;]<\/p>\n","protected":false},"author":1,"featured_media":0,"parent":0,"menu_order":0,"comment_status":"closed","ping_status":"closed","template":"","meta":{"nf_dc_page":"","om_disable_all_campaigns":false,"_monsterinsights_skip_tracking":false,"_monsterinsights_sitenote_active":false,"_monsterinsights_sitenote_note":"","_monsterinsights_sitenote_category":0,"_uf_show_specific_survey":0,"_uf_disable_surveys":false,"footnotes":""},"class_list":["post-443","page","type-page","status-publish","hentry"],"aioseo_notices":[],"yoast_head":"<!-- This site is optimized with the Yoast SEO plugin v27.5 - https:\/\/yoast.com\/product\/yoast-seo-wordpress\/ -->\n<title>Descargar aplicaci\u00f3n para tel\u00e9fono - Bienvenidos a Liberaci\u00f3n Progresiva<\/title>\n<meta name=\"robots\" content=\"index, follow, max-snippet:-1, max-image-preview:large, max-video-preview:-1\" \/>\n<link rel=\"canonical\" href=\"https:\/\/liberacionprogresiva.com\/en\/descargar-aplicacion-para-telefono\/\" \/>\n<meta property=\"og:locale\" content=\"en_US\" \/>\n<meta property=\"og:type\" content=\"article\" \/>\n<meta property=\"og:title\" content=\"Descargar aplicaci\u00f3n para tel\u00e9fono - Bienvenidos a Liberaci\u00f3n Progresiva\" \/>\n<meta property=\"og:description\" content=\"\u00a1Haga clic aqu\u00ed para obtener la aplicaci\u00f3n desde Google PlayStore! &#8212; OR &#8212; Puedes descargar la nueva aplicaci\u00f3n Liberaci\u00f3n Progresiva para tel\u00e9fono aqu\u00ed ahora: (POR FAVOR, LEA LAS INSTRUCCIONES A CONTINUACI\u00d3N) POR FAVOR LEA ESTAS SENCILLAS INSTRUCCIONES*Mant\u00e9n la descarga (si te lo pide al descargarla)*Permite que la configuraci\u00f3n descargue la aplicaci\u00f3n de una fuente no [&hellip;]\" \/>\n<meta property=\"og:url\" content=\"https:\/\/liberacionprogresiva.com\/en\/descargar-aplicacion-para-telefono\/\" \/>\n<meta property=\"og:site_name\" content=\"Bienvenidos a Liberaci\u00f3n Progresiva\" \/>\n<meta property=\"article:publisher\" content=\"https:\/\/www.facebook.com\/liberacionprogresiva\" \/>\n<meta property=\"article:modified_time\" content=\"2025-01-10T03:37:44+00:00\" \/>\n<meta property=\"og:image\" content=\"https:\/\/liberacionprogresiva.com\/wp-content\/uploads\/2025\/01\/GooglePlayImage4LP1-2-1-1024x691.jpg\" \/>\n<meta name=\"twitter:card\" content=\"summary_large_image\" \/>\n<meta name=\"twitter:label1\" content=\"Est. reading time\" \/>\n\t<meta name=\"twitter:data1\" content=\"2 minutes\" \/>\n<script type=\"application\/ld+json\" class=\"yoast-schema-graph\">{\"@context\":\"https:\\\/\\\/schema.org\",\"@graph\":[{\"@type\":\"WebPage\",\"@id\":\"https:\\\/\\\/liberacionprogresiva.com\\\/descargar-aplicacion-para-telefono\\\/\",\"url\":\"https:\\\/\\\/liberacionprogresiva.com\\\/descargar-aplicacion-para-telefono\\\/\",\"name\":\"Descargar aplicaci\u00f3n para tel\u00e9fono - Bienvenidos a Liberaci\u00f3n Progresiva\",\"isPartOf\":{\"@id\":\"https:\\\/\\\/liberacionprogresiva.com\\\/#website\"},\"primaryImageOfPage\":{\"@id\":\"https:\\\/\\\/liberacionprogresiva.com\\\/descargar-aplicacion-para-telefono\\\/#primaryimage\"},\"image\":{\"@id\":\"https:\\\/\\\/liberacionprogresiva.com\\\/descargar-aplicacion-para-telefono\\\/#primaryimage\"},\"thumbnailUrl\":\"https:\\\/\\\/liberacionprogresiva.com\\\/wp-content\\\/uploads\\\/2025\\\/01\\\/GooglePlayImage4LP1-2-1-1024x691.jpg\",\"datePublished\":\"2024-12-26T17:25:53+00:00\",\"dateModified\":\"2025-01-10T03:37:44+00:00\",\"breadcrumb\":{\"@id\":\"https:\\\/\\\/liberacionprogresiva.com\\\/descargar-aplicacion-para-telefono\\\/#breadcrumb\"},\"inLanguage\":\"en-US\",\"potentialAction\":[{\"@type\":\"ReadAction\",\"target\":[\"https:\\\/\\\/liberacionprogresiva.com\\\/descargar-aplicacion-para-telefono\\\/\"]}]},{\"@type\":\"ImageObject\",\"inLanguage\":\"en-US\",\"@id\":\"https:\\\/\\\/liberacionprogresiva.com\\\/descargar-aplicacion-para-telefono\\\/#primaryimage\",\"url\":\"https:\\\/\\\/liberacionprogresiva.com\\\/wp-content\\\/uploads\\\/2025\\\/01\\\/GooglePlayImage4LP1-2-1-1024x691.jpg\",\"contentUrl\":\"https:\\\/\\\/liberacionprogresiva.com\\\/wp-content\\\/uploads\\\/2025\\\/01\\\/GooglePlayImage4LP1-2-1-1024x691.jpg\"},{\"@type\":\"BreadcrumbList\",\"@id\":\"https:\\\/\\\/liberacionprogresiva.com\\\/descargar-aplicacion-para-telefono\\\/#breadcrumb\",\"itemListElement\":[{\"@type\":\"ListItem\",\"position\":1,\"name\":\"Home\",\"item\":\"https:\\\/\\\/liberacionprogresiva.com\\\/\"},{\"@type\":\"ListItem\",\"position\":2,\"name\":\"Descargar aplicaci\u00f3n para tel\u00e9fono\"}]},{\"@type\":\"WebSite\",\"@id\":\"https:\\\/\\\/liberacionprogresiva.com\\\/#website\",\"url\":\"https:\\\/\\\/liberacionprogresiva.com\\\/\",\"name\":\"Liberaci\u00f3n Progresiva\",\"description\":\"Liberacion Progresiva\",\"publisher\":{\"@id\":\"https:\\\/\\\/liberacionprogresiva.com\\\/#organization\"},\"potentialAction\":[{\"@type\":\"SearchAction\",\"target\":{\"@type\":\"EntryPoint\",\"urlTemplate\":\"https:\\\/\\\/liberacionprogresiva.com\\\/?s={search_term_string}\"},\"query-input\":{\"@type\":\"PropertyValueSpecification\",\"valueRequired\":true,\"valueName\":\"search_term_string\"}}],\"inLanguage\":\"en-US\"},{\"@type\":\"Organization\",\"@id\":\"https:\\\/\\\/liberacionprogresiva.com\\\/#organization\",\"name\":\"Liberaci\u00f3n Progresiva\",\"url\":\"https:\\\/\\\/liberacionprogresiva.com\\\/\",\"logo\":{\"@type\":\"ImageObject\",\"inLanguage\":\"en-US\",\"@id\":\"https:\\\/\\\/liberacionprogresiva.com\\\/#\\\/schema\\\/logo\\\/image\\\/\",\"url\":\"https:\\\/\\\/i0.wp.com\\\/liberacionprogresiva.com\\\/wp-content\\\/uploads\\\/2024\\\/10\\\/Liberacion-Progresiva-Pastor-Omar-Figueras-liberacionprogresiva-doxidonut-1-1.png?fit=2000%2C2000&ssl=1\",\"contentUrl\":\"https:\\\/\\\/i0.wp.com\\\/liberacionprogresiva.com\\\/wp-content\\\/uploads\\\/2024\\\/10\\\/Liberacion-Progresiva-Pastor-Omar-Figueras-liberacionprogresiva-doxidonut-1-1.png?fit=2000%2C2000&ssl=1\",\"width\":2000,\"height\":2000,\"caption\":\"Liberaci\u00f3n Progresiva\"},\"image\":{\"@id\":\"https:\\\/\\\/liberacionprogresiva.com\\\/#\\\/schema\\\/logo\\\/image\\\/\"},\"sameAs\":[\"https:\\\/\\\/www.facebook.com\\\/liberacionprogresiva\",\"https:\\\/\\\/www.t.me\\\/liberacionprogresiva\",\"https:\\\/\\\/www.instagram.com\\\/liberacionprogresiva\",\"https:\\\/\\\/www.pinterest.com\\\/liberacionprogresiva\",\"https:\\\/\\\/www.linkedin.com\\\/in\\\/liberacionprogresiva\",\"https:\\\/\\\/www.tumblr.com\\\/liberacionprogresiva\"]}]}<\/script>\n<!-- \/ Yoast SEO plugin. -->","yoast_head_json":{"title":"Descargar aplicaci\u00f3n para tel\u00e9fono - Bienvenidos a Liberaci\u00f3n Progresiva","robots":{"index":"index","follow":"follow","max-snippet":"max-snippet:-1","max-image-preview":"max-image-preview:large","max-video-preview":"max-video-preview:-1"},"canonical":"https:\/\/liberacionprogresiva.com\/en\/descargar-aplicacion-para-telefono\/","og_locale":"en_US","og_type":"article","og_title":"Descargar aplicaci\u00f3n para tel\u00e9fono - Bienvenidos a Liberaci\u00f3n Progresiva","og_description":"\u00a1Haga clic aqu\u00ed para obtener la aplicaci\u00f3n desde Google PlayStore! &#8212; OR &#8212; Puedes descargar la nueva aplicaci\u00f3n Liberaci\u00f3n Progresiva para tel\u00e9fono aqu\u00ed ahora: (POR FAVOR, LEA LAS INSTRUCCIONES A CONTINUACI\u00d3N) POR FAVOR LEA ESTAS SENCILLAS INSTRUCCIONES*Mant\u00e9n la descarga (si te lo pide al descargarla)*Permite que la configuraci\u00f3n descargue la aplicaci\u00f3n de una fuente no [&hellip;]","og_url":"https:\/\/liberacionprogresiva.com\/en\/descargar-aplicacion-para-telefono\/","og_site_name":"Bienvenidos a Liberaci\u00f3n Progresiva","article_publisher":"https:\/\/www.facebook.com\/liberacionprogresiva","article_modified_time":"2025-01-10T03:37:44+00:00","og_image":[{"url":"https:\/\/liberacionprogresiva.com\/wp-content\/uploads\/2025\/01\/GooglePlayImage4LP1-2-1-1024x691.jpg","type":"","width":"","height":""}],"twitter_card":"summary_large_image","twitter_misc":{"Est. reading time":"2 minutes"},"schema":{"@context":"https:\/\/schema.org","@graph":[{"@type":"WebPage","@id":"https:\/\/liberacionprogresiva.com\/descargar-aplicacion-para-telefono\/","url":"https:\/\/liberacionprogresiva.com\/descargar-aplicacion-para-telefono\/","name":"Descargar aplicaci\u00f3n para tel\u00e9fono - Bienvenidos a Liberaci\u00f3n Progresiva","isPartOf":{"@id":"https:\/\/liberacionprogresiva.com\/#website"},"primaryImageOfPage":{"@id":"https:\/\/liberacionprogresiva.com\/descargar-aplicacion-para-telefono\/#primaryimage"},"image":{"@id":"https:\/\/liberacionprogresiva.com\/descargar-aplicacion-para-telefono\/#primaryimage"},"thumbnailUrl":"https:\/\/liberacionprogresiva.com\/wp-content\/uploads\/2025\/01\/GooglePlayImage4LP1-2-1-1024x691.jpg","datePublished":"2024-12-26T17:25:53+00:00","dateModified":"2025-01-10T03:37:44+00:00","breadcrumb":{"@id":"https:\/\/liberacionprogresiva.com\/descargar-aplicacion-para-telefono\/#breadcrumb"},"inLanguage":"en-US","potentialAction":[{"@type":"ReadAction","target":["https:\/\/liberacionprogresiva.com\/descargar-aplicacion-para-telefono\/"]}]},{"@type":"ImageObject","inLanguage":"en-US","@id":"https:\/\/liberacionprogresiva.com\/descargar-aplicacion-para-telefono\/#primaryimage","url":"https:\/\/liberacionprogresiva.com\/wp-content\/uploads\/2025\/01\/GooglePlayImage4LP1-2-1-1024x691.jpg","contentUrl":"https:\/\/liberacionprogresiva.com\/wp-content\/uploads\/2025\/01\/GooglePlayImage4LP1-2-1-1024x691.jpg"},{"@type":"BreadcrumbList","@id":"https:\/\/liberacionprogresiva.com\/descargar-aplicacion-para-telefono\/#breadcrumb","itemListElement":[{"@type":"ListItem","position":1,"name":"Home","item":"https:\/\/liberacionprogresiva.com\/"},{"@type":"ListItem","position":2,"name":"Descargar aplicaci\u00f3n para tel\u00e9fono"}]},{"@type":"WebSite","@id":"https:\/\/liberacionprogresiva.com\/#website","url":"https:\/\/liberacionprogresiva.com\/","name":"Progressive Release","description":"Progressive Release","publisher":{"@id":"https:\/\/liberacionprogresiva.com\/#organization"},"potentialAction":[{"@type":"SearchAction","target":{"@type":"EntryPoint","urlTemplate":"https:\/\/liberacionprogresiva.com\/?s={search_term_string}"},"query-input":{"@type":"PropertyValueSpecification","valueRequired":true,"valueName":"search_term_string"}}],"inLanguage":"en-US"},{"@type":"Organization","@id":"https:\/\/liberacionprogresiva.com\/#organization","name":"Progressive Release","url":"https:\/\/liberacionprogresiva.com\/","logo":{"@type":"ImageObject","inLanguage":"en-US","@id":"https:\/\/liberacionprogresiva.com\/#\/schema\/logo\/image\/","url":"https:\/\/i0.wp.com\/liberacionprogresiva.com\/wp-content\/uploads\/2024\/10\/Liberacion-Progresiva-Pastor-Omar-Figueras-liberacionprogresiva-doxidonut-1-1.png?fit=2000%2C2000&ssl=1","contentUrl":"https:\/\/i0.wp.com\/liberacionprogresiva.com\/wp-content\/uploads\/2024\/10\/Liberacion-Progresiva-Pastor-Omar-Figueras-liberacionprogresiva-doxidonut-1-1.png?fit=2000%2C2000&ssl=1","width":2000,"height":2000,"caption":"Liberaci\u00f3n Progresiva"},"image":{"@id":"https:\/\/liberacionprogresiva.com\/#\/schema\/logo\/image\/"},"sameAs":["https:\/\/www.facebook.com\/liberacionprogresiva","https:\/\/www.t.me\/liberacionprogresiva","https:\/\/www.instagram.com\/liberacionprogresiva","https:\/\/www.pinterest.com\/liberacionprogresiva","https:\/\/www.linkedin.com\/in\/liberacionprogresiva","https:\/\/www.tumblr.com\/liberacionprogresiva"]}]}},"jetpack_sharing_enabled":true,"_links":{"self":[{"href":"https:\/\/liberacionprogresiva.com\/en\/wp-json\/wp\/v2\/pages\/443","targetHints":{"allow":["GET"]}}],"collection":[{"href":"https:\/\/liberacionprogresiva.com\/en\/wp-json\/wp\/v2\/pages"}],"about":[{"href":"https:\/\/liberacionprogresiva.com\/en\/wp-json\/wp\/v2\/types\/page"}],"author":[{"embeddable":true,"href":"https:\/\/liberacionprogresiva.com\/en\/wp-json\/wp\/v2\/users\/1"}],"replies":[{"embeddable":true,"href":"https:\/\/liberacionprogresiva.com\/en\/wp-json\/wp\/v2\/comments?post=443"}],"version-history":[{"count":9,"href":"https:\/\/liberacionprogresiva.com\/en\/wp-json\/wp\/v2\/pages\/443\/revisions"}],"predecessor-version":[{"id":472,"href":"https:\/\/liberacionprogresiva.com\/en\/wp-json\/wp\/v2\/pages\/443\/revisions\/472"}],"wp:attachment":[{"href":"https:\/\/liberacionprogresiva.com\/en\/wp-json\/wp\/v2\/media?parent=443"}],"curies":[{"name":"wp","href":"https:\/\/api.w.org\/{rel}","templated":true}]}}