{"id":291,"date":"2024-11-08T22:42:24","date_gmt":"2024-11-08T22:42:24","guid":{"rendered":"https:\/\/liberacionprogresiva.com\/?page_id=291"},"modified":"2024-11-08T22:42:25","modified_gmt":"2024-11-08T22:42:25","slug":"condiciones-de-servicio","status":"publish","type":"page","link":"https:\/\/liberacionprogresiva.com\/en\/condiciones-de-servicio\/","title":{"rendered":"Terms of Service"},"content":{"rendered":"\n<p class=\"\">\u00a1Bienvenido a Liberacion Progresiva! Estos T\u00e9rminos de Servicio (&#8220;T\u00e9rminos&#8221;) rigen el uso de nuestro sitio web ubicado en <a href=\"el\">URL de su sitio web<\/a> y cualquier servicio relacionado proporcionado por [Liberacion Progresiva] (&#8220;nosotros&#8221;, &#8220;nos&#8221; o &#8220;nuestro&#8221;). Al acceder o utilizar nuestro Sitio, usted acepta cumplir con estos T\u00e9rminos. Si no est\u00e1 de acuerdo, no utilice el Sitio.<\/p>\n\n\n\n<ol class=\"wp-block-list\">\n<li class=\"\">Uso del Sitio<br>Usted acepta utilizar el Sitio \u00fanicamente con fines l\u00edcitos y en cumplimiento con estos T\u00e9rminos. Usted es responsable de todas las actividades que ocurran bajo su cuenta o contrase\u00f1a.<\/li>\n\n\n\n<li class=\"\">Propiedad intelectual<br>Todo el contenido, las marcas comerciales, los logotipos y la propiedad intelectual que se muestran en el Sitio son propiedad de Liberacion Progresiva o se utilizan con permiso. No puede copiar, reproducir, distribuir ni crear trabajos derivados sin el consentimiento previo por escrito.<\/li>\n\n\n\n<li class=\"\">Contenido del usuario<br>Al publicar o cargar contenido en el Sitio, nos otorga una licencia no exclusiva y mundial para usar, mostrar y distribuir su contenido. Usted conserva la propiedad, pero nos otorga permiso para utilizarla seg\u00fan sea necesario para operar el Sitio.<\/li>\n\n\n\n<li class=\"\">Actividades prohibidas<br>No puede participar en actividades que puedan da\u00f1ar el Sitio o a otros usuarios, incluidas:<\/li>\n<\/ol>\n\n\n\n<p class=\"\">Intentar interferir con las funciones de seguridad o deshabilitarlas.<br>Utilizar medios automatizados para acceder o recopilar informaci\u00f3n del Sitio.<br>Cargar o transmitir software malicioso.<\/p>\n\n\n\n<ol start=\"5\" class=\"wp-block-list\">\n<li class=\"\">Limitaci\u00f3n de responsabilidad<br>No somos responsables de ning\u00fan da\u00f1o indirecto, incidental o consecuente que surja de su uso del Sitio. Proporcionamos el Sitio &#8220;tal como est\u00e1&#8221; y no ofrecemos garant\u00edas con respecto a la precisi\u00f3n o confiabilidad del contenido.<\/li>\n\n\n\n<li class=\"\">Terminaci\u00f3n<br>Nos reservamos el derecho de terminar o suspender su acceso al Sitio a nuestra discreci\u00f3n, sin previo aviso, por violar estos T\u00e9rminos.<\/li>\n\n\n\n<li class=\"\">Cambios a estos T\u00e9rminos<br>Podemos actualizar estos T\u00e9rminos de vez en cuando. La versi\u00f3n actualizada se publicar\u00e1 en el Sitio con la fecha de la \u00faltima revisi\u00f3n. Su uso continuo del Sitio constituye la aceptaci\u00f3n de cualquier cambio.<\/li>\n\n\n\n<li class=\"\">Cont\u00e1ctenos<br>Si tiene alguna pregunta sobre estos T\u00e9rminos, cont\u00e1ctenos a: Liberacion Progresiva<br>Correo electr\u00f3nico: liberacionprogresiva@gmail.com<br>Direcci\u00f3n: 2053 NW 27th Ave,<br>Miami, FL 33142<\/li>\n<\/ol>\n","protected":false},"excerpt":{"rendered":"<p>\u00a1Bienvenido a Liberacion Progresiva! Estos T\u00e9rminos de Servicio (&#8220;T\u00e9rminos&#8221;) rigen el uso de nuestro sitio web ubicado en URL de su sitio web y cualquier servicio relacionado proporcionado por [Liberacion Progresiva] (&#8220;nosotros&#8221;, &#8220;nos&#8221; o &#8220;nuestro&#8221;). Al acceder o utilizar nuestro Sitio, usted acepta cumplir con estos T\u00e9rminos. Si no est\u00e1 de acuerdo, no utilice el [&hellip;]<\/p>\n","protected":false},"author":1,"featured_media":0,"parent":0,"menu_order":0,"comment_status":"closed","ping_status":"closed","template":"","meta":{"nf_dc_page":"","om_disable_all_campaigns":false,"_monsterinsights_skip_tracking":false,"_monsterinsights_sitenote_active":false,"_monsterinsights_sitenote_note":"","_monsterinsights_sitenote_category":0,"_uf_show_specific_survey":0,"_uf_disable_surveys":false,"footnotes":""},"class_list":["post-291","page","type-page","status-publish","hentry"],"aioseo_notices":[],"yoast_head":"<!-- This site is optimized with the Yoast SEO plugin v27.5 - https:\/\/yoast.com\/product\/yoast-seo-wordpress\/ -->\n<title>Condiciones de servicio - Bienvenidos a Liberaci\u00f3n Progresiva<\/title>\n<meta name=\"robots\" content=\"index, follow, max-snippet:-1, max-image-preview:large, max-video-preview:-1\" \/>\n<link rel=\"canonical\" href=\"https:\/\/liberacionprogresiva.com\/en\/condiciones-de-servicio\/\" \/>\n<meta property=\"og:locale\" content=\"en_US\" \/>\n<meta property=\"og:type\" content=\"article\" \/>\n<meta property=\"og:title\" content=\"Condiciones de servicio - Bienvenidos a Liberaci\u00f3n Progresiva\" \/>\n<meta property=\"og:description\" content=\"\u00a1Bienvenido a Liberacion Progresiva! Estos T\u00e9rminos de Servicio (&#8220;T\u00e9rminos&#8221;) rigen el uso de nuestro sitio web ubicado en URL de su sitio web y cualquier servicio relacionado proporcionado por [Liberacion Progresiva] (&#8220;nosotros&#8221;, &#8220;nos&#8221; o &#8220;nuestro&#8221;). Al acceder o utilizar nuestro Sitio, usted acepta cumplir con estos T\u00e9rminos. Si no est\u00e1 de acuerdo, no utilice el [&hellip;]\" \/>\n<meta property=\"og:url\" content=\"https:\/\/liberacionprogresiva.com\/en\/condiciones-de-servicio\/\" \/>\n<meta property=\"og:site_name\" content=\"Bienvenidos a Liberaci\u00f3n Progresiva\" \/>\n<meta property=\"article:publisher\" content=\"https:\/\/www.facebook.com\/liberacionprogresiva\" \/>\n<meta property=\"article:modified_time\" content=\"2024-11-08T22:42:25+00:00\" \/>\n<meta name=\"twitter:card\" content=\"summary_large_image\" \/>\n<meta name=\"twitter:label1\" content=\"Est. reading time\" \/>\n\t<meta name=\"twitter:data1\" content=\"2 minutes\" \/>\n<script type=\"application\/ld+json\" class=\"yoast-schema-graph\">{\"@context\":\"https:\\\/\\\/schema.org\",\"@graph\":[{\"@type\":\"WebPage\",\"@id\":\"https:\\\/\\\/liberacionprogresiva.com\\\/condiciones-de-servicio\\\/\",\"url\":\"https:\\\/\\\/liberacionprogresiva.com\\\/condiciones-de-servicio\\\/\",\"name\":\"Condiciones de servicio - Bienvenidos a Liberaci\u00f3n Progresiva\",\"isPartOf\":{\"@id\":\"https:\\\/\\\/liberacionprogresiva.com\\\/#website\"},\"datePublished\":\"2024-11-08T22:42:24+00:00\",\"dateModified\":\"2024-11-08T22:42:25+00:00\",\"breadcrumb\":{\"@id\":\"https:\\\/\\\/liberacionprogresiva.com\\\/condiciones-de-servicio\\\/#breadcrumb\"},\"inLanguage\":\"en-US\",\"potentialAction\":[{\"@type\":\"ReadAction\",\"target\":[\"https:\\\/\\\/liberacionprogresiva.com\\\/condiciones-de-servicio\\\/\"]}]},{\"@type\":\"BreadcrumbList\",\"@id\":\"https:\\\/\\\/liberacionprogresiva.com\\\/condiciones-de-servicio\\\/#breadcrumb\",\"itemListElement\":[{\"@type\":\"ListItem\",\"position\":1,\"name\":\"Home\",\"item\":\"https:\\\/\\\/liberacionprogresiva.com\\\/\"},{\"@type\":\"ListItem\",\"position\":2,\"name\":\"Condiciones de servicio\"}]},{\"@type\":\"WebSite\",\"@id\":\"https:\\\/\\\/liberacionprogresiva.com\\\/#website\",\"url\":\"https:\\\/\\\/liberacionprogresiva.com\\\/\",\"name\":\"Liberaci\u00f3n Progresiva\",\"description\":\"Liberacion Progresiva\",\"publisher\":{\"@id\":\"https:\\\/\\\/liberacionprogresiva.com\\\/#organization\"},\"potentialAction\":[{\"@type\":\"SearchAction\",\"target\":{\"@type\":\"EntryPoint\",\"urlTemplate\":\"https:\\\/\\\/liberacionprogresiva.com\\\/?s={search_term_string}\"},\"query-input\":{\"@type\":\"PropertyValueSpecification\",\"valueRequired\":true,\"valueName\":\"search_term_string\"}}],\"inLanguage\":\"en-US\"},{\"@type\":\"Organization\",\"@id\":\"https:\\\/\\\/liberacionprogresiva.com\\\/#organization\",\"name\":\"Liberaci\u00f3n Progresiva\",\"url\":\"https:\\\/\\\/liberacionprogresiva.com\\\/\",\"logo\":{\"@type\":\"ImageObject\",\"inLanguage\":\"en-US\",\"@id\":\"https:\\\/\\\/liberacionprogresiva.com\\\/#\\\/schema\\\/logo\\\/image\\\/\",\"url\":\"https:\\\/\\\/i0.wp.com\\\/liberacionprogresiva.com\\\/wp-content\\\/uploads\\\/2024\\\/10\\\/Liberacion-Progresiva-Pastor-Omar-Figueras-liberacionprogresiva-doxidonut-1-1.png?fit=2000%2C2000&ssl=1\",\"contentUrl\":\"https:\\\/\\\/i0.wp.com\\\/liberacionprogresiva.com\\\/wp-content\\\/uploads\\\/2024\\\/10\\\/Liberacion-Progresiva-Pastor-Omar-Figueras-liberacionprogresiva-doxidonut-1-1.png?fit=2000%2C2000&ssl=1\",\"width\":2000,\"height\":2000,\"caption\":\"Liberaci\u00f3n Progresiva\"},\"image\":{\"@id\":\"https:\\\/\\\/liberacionprogresiva.com\\\/#\\\/schema\\\/logo\\\/image\\\/\"},\"sameAs\":[\"https:\\\/\\\/www.facebook.com\\\/liberacionprogresiva\",\"https:\\\/\\\/www.t.me\\\/liberacionprogresiva\",\"https:\\\/\\\/www.instagram.com\\\/liberacionprogresiva\",\"https:\\\/\\\/www.pinterest.com\\\/liberacionprogresiva\",\"https:\\\/\\\/www.linkedin.com\\\/in\\\/liberacionprogresiva\",\"https:\\\/\\\/www.tumblr.com\\\/liberacionprogresiva\"]}]}<\/script>\n<!-- \/ Yoast SEO plugin. -->","yoast_head_json":{"title":"Condiciones de servicio - Bienvenidos a Liberaci\u00f3n Progresiva","robots":{"index":"index","follow":"follow","max-snippet":"max-snippet:-1","max-image-preview":"max-image-preview:large","max-video-preview":"max-video-preview:-1"},"canonical":"https:\/\/liberacionprogresiva.com\/en\/condiciones-de-servicio\/","og_locale":"en_US","og_type":"article","og_title":"Condiciones de servicio - Bienvenidos a Liberaci\u00f3n Progresiva","og_description":"\u00a1Bienvenido a Liberacion Progresiva! Estos T\u00e9rminos de Servicio (&#8220;T\u00e9rminos&#8221;) rigen el uso de nuestro sitio web ubicado en URL de su sitio web y cualquier servicio relacionado proporcionado por [Liberacion Progresiva] (&#8220;nosotros&#8221;, &#8220;nos&#8221; o &#8220;nuestro&#8221;). Al acceder o utilizar nuestro Sitio, usted acepta cumplir con estos T\u00e9rminos. Si no est\u00e1 de acuerdo, no utilice el [&hellip;]","og_url":"https:\/\/liberacionprogresiva.com\/en\/condiciones-de-servicio\/","og_site_name":"Bienvenidos a Liberaci\u00f3n Progresiva","article_publisher":"https:\/\/www.facebook.com\/liberacionprogresiva","article_modified_time":"2024-11-08T22:42:25+00:00","twitter_card":"summary_large_image","twitter_misc":{"Est. reading time":"2 minutes"},"schema":{"@context":"https:\/\/schema.org","@graph":[{"@type":"WebPage","@id":"https:\/\/liberacionprogresiva.com\/condiciones-de-servicio\/","url":"https:\/\/liberacionprogresiva.com\/condiciones-de-servicio\/","name":"Condiciones de servicio - Bienvenidos a Liberaci\u00f3n Progresiva","isPartOf":{"@id":"https:\/\/liberacionprogresiva.com\/#website"},"datePublished":"2024-11-08T22:42:24+00:00","dateModified":"2024-11-08T22:42:25+00:00","breadcrumb":{"@id":"https:\/\/liberacionprogresiva.com\/condiciones-de-servicio\/#breadcrumb"},"inLanguage":"en-US","potentialAction":[{"@type":"ReadAction","target":["https:\/\/liberacionprogresiva.com\/condiciones-de-servicio\/"]}]},{"@type":"BreadcrumbList","@id":"https:\/\/liberacionprogresiva.com\/condiciones-de-servicio\/#breadcrumb","itemListElement":[{"@type":"ListItem","position":1,"name":"Home","item":"https:\/\/liberacionprogresiva.com\/"},{"@type":"ListItem","position":2,"name":"Condiciones de servicio"}]},{"@type":"WebSite","@id":"https:\/\/liberacionprogresiva.com\/#website","url":"https:\/\/liberacionprogresiva.com\/","name":"Progressive Release","description":"Progressive Release","publisher":{"@id":"https:\/\/liberacionprogresiva.com\/#organization"},"potentialAction":[{"@type":"SearchAction","target":{"@type":"EntryPoint","urlTemplate":"https:\/\/liberacionprogresiva.com\/?s={search_term_string}"},"query-input":{"@type":"PropertyValueSpecification","valueRequired":true,"valueName":"search_term_string"}}],"inLanguage":"en-US"},{"@type":"Organization","@id":"https:\/\/liberacionprogresiva.com\/#organization","name":"Progressive Release","url":"https:\/\/liberacionprogresiva.com\/","logo":{"@type":"ImageObject","inLanguage":"en-US","@id":"https:\/\/liberacionprogresiva.com\/#\/schema\/logo\/image\/","url":"https:\/\/i0.wp.com\/liberacionprogresiva.com\/wp-content\/uploads\/2024\/10\/Liberacion-Progresiva-Pastor-Omar-Figueras-liberacionprogresiva-doxidonut-1-1.png?fit=2000%2C2000&ssl=1","contentUrl":"https:\/\/i0.wp.com\/liberacionprogresiva.com\/wp-content\/uploads\/2024\/10\/Liberacion-Progresiva-Pastor-Omar-Figueras-liberacionprogresiva-doxidonut-1-1.png?fit=2000%2C2000&ssl=1","width":2000,"height":2000,"caption":"Liberaci\u00f3n Progresiva"},"image":{"@id":"https:\/\/liberacionprogresiva.com\/#\/schema\/logo\/image\/"},"sameAs":["https:\/\/www.facebook.com\/liberacionprogresiva","https:\/\/www.t.me\/liberacionprogresiva","https:\/\/www.instagram.com\/liberacionprogresiva","https:\/\/www.pinterest.com\/liberacionprogresiva","https:\/\/www.linkedin.com\/in\/liberacionprogresiva","https:\/\/www.tumblr.com\/liberacionprogresiva"]}]}},"jetpack_sharing_enabled":true,"_links":{"self":[{"href":"https:\/\/liberacionprogresiva.com\/en\/wp-json\/wp\/v2\/pages\/291","targetHints":{"allow":["GET"]}}],"collection":[{"href":"https:\/\/liberacionprogresiva.com\/en\/wp-json\/wp\/v2\/pages"}],"about":[{"href":"https:\/\/liberacionprogresiva.com\/en\/wp-json\/wp\/v2\/types\/page"}],"author":[{"embeddable":true,"href":"https:\/\/liberacionprogresiva.com\/en\/wp-json\/wp\/v2\/users\/1"}],"replies":[{"embeddable":true,"href":"https:\/\/liberacionprogresiva.com\/en\/wp-json\/wp\/v2\/comments?post=291"}],"version-history":[{"count":1,"href":"https:\/\/liberacionprogresiva.com\/en\/wp-json\/wp\/v2\/pages\/291\/revisions"}],"predecessor-version":[{"id":292,"href":"https:\/\/liberacionprogresiva.com\/en\/wp-json\/wp\/v2\/pages\/291\/revisions\/292"}],"wp:attachment":[{"href":"https:\/\/liberacionprogresiva.com\/en\/wp-json\/wp\/v2\/media?parent=291"}],"curies":[{"name":"wp","href":"https:\/\/api.w.org\/{rel}","templated":true}]}}