{"id":205,"date":"2024-10-24T02:19:09","date_gmt":"2024-10-24T02:19:09","guid":{"rendered":"https:\/\/liberacionprogresiva.com\/?page_id=205"},"modified":"2024-10-24T02:22:24","modified_gmt":"2024-10-24T02:22:24","slug":"hazte-parte-de-nosotras","status":"publish","type":"page","link":"https:\/\/liberacionprogresiva.com\/en\/hazte-parte-de-nosotras\/","title":{"rendered":"Become part of us"},"content":{"rendered":"<p class=\"\"><strong>Join our progressive liberation family<\/strong><\/p>\n\n\n\n<p class=\"\">We invite you to become a part of our growing community at Progressive Deliverance by supporting us through weekly or monthly memberships. As a member, you will have access to exclusive features designed to help you grow spiritually and walk in freedom:<\/p>\n\n\n\n<ul class=\"wp-block-list\">\n<li class=\"\">Exclusive live events on YouTube.<\/li>\n\n\n\n<li class=\"\">Personalized prayers tailored to your needs.<\/li>\n\n\n\n<li class=\"\">Spiritual classes to deepen your understanding of faith and liberation.<\/li>\n\n\n\n<li class=\"\">In-person release sessions for those seeking direct support.<\/li>\n\n\n\n<li class=\"\">One-on-one Zoom meetings where we will teach you all about progressive liberation. We will not only guide you through liberation, but we will also teach you how to maintain your freedom and help others receive it as well.<\/li>\n\n\n\n<li class=\"\">Learn the key steps you must take to receive Jesus Christ into your life and live in His freedom.<\/li>\n\n\n\n<li class=\"\">Your support allows us to continue this vital work. We also encourage you to donate, which will allow us to expand our reach and help even more people experience the life-changing power of Jesus Christ. Together, we can walk this path of faith and liberation.<\/li>\n<\/ul>\n\n\n\n<p class=\"\">Become a member or donate today and let&#039;s walk together in God&#039;s power! Contact us using the information at the top of this website to learn more about becoming a member of the <em>family<\/em> of <strong>Progressive Release<\/strong>.<\/p>","protected":false},"excerpt":{"rendered":"<p>\u00danase a nuestra familia de liberaci\u00f3n progresiva Lo invitamos a convertirse en parte de nuestra creciente comunidad en Progressive Deliverance apoy\u00e1ndonos a trav\u00e9s de membres\u00edas semanales o mensuales. Como miembro, tendr\u00e1 acceso a funciones exclusivas dise\u00f1adas para ayudarlo a crecer espiritualmente y caminar en libertad: \u00a1Hazte miembro o dona hoy mismo y caminemos juntos en [&hellip;]<\/p>\n","protected":false},"author":1,"featured_media":0,"parent":0,"menu_order":0,"comment_status":"closed","ping_status":"closed","template":"","meta":{"nf_dc_page":"","om_disable_all_campaigns":false,"_monsterinsights_skip_tracking":false,"_monsterinsights_sitenote_active":false,"_monsterinsights_sitenote_note":"","_monsterinsights_sitenote_category":0,"_uf_show_specific_survey":0,"_uf_disable_surveys":false,"footnotes":""},"class_list":["post-205","page","type-page","status-publish","hentry"],"aioseo_notices":[],"yoast_head":"<!-- This site is optimized with the Yoast SEO plugin v27.5 - https:\/\/yoast.com\/product\/yoast-seo-wordpress\/ -->\n<title>Hazte parte de nosotras - Bienvenidos a Liberaci\u00f3n Progresiva<\/title>\n<meta name=\"robots\" content=\"index, follow, max-snippet:-1, max-image-preview:large, max-video-preview:-1\" \/>\n<link rel=\"canonical\" href=\"https:\/\/liberacionprogresiva.com\/en\/hazte-parte-de-nosotras\/\" \/>\n<meta property=\"og:locale\" content=\"en_US\" \/>\n<meta property=\"og:type\" content=\"article\" \/>\n<meta property=\"og:title\" content=\"Hazte parte de nosotras - Bienvenidos a Liberaci\u00f3n Progresiva\" \/>\n<meta property=\"og:description\" content=\"\u00danase a nuestra familia de liberaci\u00f3n progresiva Lo invitamos a convertirse en parte de nuestra creciente comunidad en Progressive Deliverance apoy\u00e1ndonos a trav\u00e9s de membres\u00edas semanales o mensuales. Como miembro, tendr\u00e1 acceso a funciones exclusivas dise\u00f1adas para ayudarlo a crecer espiritualmente y caminar en libertad: \u00a1Hazte miembro o dona hoy mismo y caminemos juntos en [&hellip;]\" \/>\n<meta property=\"og:url\" content=\"https:\/\/liberacionprogresiva.com\/en\/hazte-parte-de-nosotras\/\" \/>\n<meta property=\"og:site_name\" content=\"Bienvenidos a Liberaci\u00f3n Progresiva\" \/>\n<meta property=\"article:publisher\" content=\"https:\/\/www.facebook.com\/liberacionprogresiva\" \/>\n<meta property=\"article:modified_time\" content=\"2024-10-24T02:22:24+00:00\" \/>\n<meta name=\"twitter:card\" content=\"summary_large_image\" \/>\n<meta name=\"twitter:label1\" content=\"Est. reading time\" \/>\n\t<meta name=\"twitter:data1\" content=\"1 minute\" \/>\n<script type=\"application\/ld+json\" class=\"yoast-schema-graph\">{\"@context\":\"https:\\\/\\\/schema.org\",\"@graph\":[{\"@type\":\"WebPage\",\"@id\":\"https:\\\/\\\/liberacionprogresiva.com\\\/hazte-parte-de-nosotras\\\/\",\"url\":\"https:\\\/\\\/liberacionprogresiva.com\\\/hazte-parte-de-nosotras\\\/\",\"name\":\"Hazte parte de nosotras - Bienvenidos a Liberaci\u00f3n Progresiva\",\"isPartOf\":{\"@id\":\"https:\\\/\\\/liberacionprogresiva.com\\\/#website\"},\"datePublished\":\"2024-10-24T02:19:09+00:00\",\"dateModified\":\"2024-10-24T02:22:24+00:00\",\"breadcrumb\":{\"@id\":\"https:\\\/\\\/liberacionprogresiva.com\\\/hazte-parte-de-nosotras\\\/#breadcrumb\"},\"inLanguage\":\"en-US\",\"potentialAction\":[{\"@type\":\"ReadAction\",\"target\":[\"https:\\\/\\\/liberacionprogresiva.com\\\/hazte-parte-de-nosotras\\\/\"]}]},{\"@type\":\"BreadcrumbList\",\"@id\":\"https:\\\/\\\/liberacionprogresiva.com\\\/hazte-parte-de-nosotras\\\/#breadcrumb\",\"itemListElement\":[{\"@type\":\"ListItem\",\"position\":1,\"name\":\"Home\",\"item\":\"https:\\\/\\\/liberacionprogresiva.com\\\/\"},{\"@type\":\"ListItem\",\"position\":2,\"name\":\"Hazte parte de nosotras\"}]},{\"@type\":\"WebSite\",\"@id\":\"https:\\\/\\\/liberacionprogresiva.com\\\/#website\",\"url\":\"https:\\\/\\\/liberacionprogresiva.com\\\/\",\"name\":\"Liberaci\u00f3n Progresiva\",\"description\":\"Liberacion Progresiva\",\"publisher\":{\"@id\":\"https:\\\/\\\/liberacionprogresiva.com\\\/#organization\"},\"potentialAction\":[{\"@type\":\"SearchAction\",\"target\":{\"@type\":\"EntryPoint\",\"urlTemplate\":\"https:\\\/\\\/liberacionprogresiva.com\\\/?s={search_term_string}\"},\"query-input\":{\"@type\":\"PropertyValueSpecification\",\"valueRequired\":true,\"valueName\":\"search_term_string\"}}],\"inLanguage\":\"en-US\"},{\"@type\":\"Organization\",\"@id\":\"https:\\\/\\\/liberacionprogresiva.com\\\/#organization\",\"name\":\"Liberaci\u00f3n Progresiva\",\"url\":\"https:\\\/\\\/liberacionprogresiva.com\\\/\",\"logo\":{\"@type\":\"ImageObject\",\"inLanguage\":\"en-US\",\"@id\":\"https:\\\/\\\/liberacionprogresiva.com\\\/#\\\/schema\\\/logo\\\/image\\\/\",\"url\":\"https:\\\/\\\/i0.wp.com\\\/liberacionprogresiva.com\\\/wp-content\\\/uploads\\\/2024\\\/10\\\/Liberacion-Progresiva-Pastor-Omar-Figueras-liberacionprogresiva-doxidonut-1-1.png?fit=2000%2C2000&ssl=1\",\"contentUrl\":\"https:\\\/\\\/i0.wp.com\\\/liberacionprogresiva.com\\\/wp-content\\\/uploads\\\/2024\\\/10\\\/Liberacion-Progresiva-Pastor-Omar-Figueras-liberacionprogresiva-doxidonut-1-1.png?fit=2000%2C2000&ssl=1\",\"width\":2000,\"height\":2000,\"caption\":\"Liberaci\u00f3n Progresiva\"},\"image\":{\"@id\":\"https:\\\/\\\/liberacionprogresiva.com\\\/#\\\/schema\\\/logo\\\/image\\\/\"},\"sameAs\":[\"https:\\\/\\\/www.facebook.com\\\/liberacionprogresiva\",\"https:\\\/\\\/www.t.me\\\/liberacionprogresiva\",\"https:\\\/\\\/www.instagram.com\\\/liberacionprogresiva\",\"https:\\\/\\\/www.pinterest.com\\\/liberacionprogresiva\",\"https:\\\/\\\/www.linkedin.com\\\/in\\\/liberacionprogresiva\",\"https:\\\/\\\/www.tumblr.com\\\/liberacionprogresiva\"]}]}<\/script>\n<!-- \/ Yoast SEO plugin. -->","yoast_head_json":{"title":"Join us - Welcome to Progressive Liberation","robots":{"index":"index","follow":"follow","max-snippet":"max-snippet:-1","max-image-preview":"max-image-preview:large","max-video-preview":"max-video-preview:-1"},"canonical":"https:\/\/liberacionprogresiva.com\/en\/hazte-parte-de-nosotras\/","og_locale":"en_US","og_type":"article","og_title":"Hazte parte de nosotras - Bienvenidos a Liberaci\u00f3n Progresiva","og_description":"\u00danase a nuestra familia de liberaci\u00f3n progresiva Lo invitamos a convertirse en parte de nuestra creciente comunidad en Progressive Deliverance apoy\u00e1ndonos a trav\u00e9s de membres\u00edas semanales o mensuales. Como miembro, tendr\u00e1 acceso a funciones exclusivas dise\u00f1adas para ayudarlo a crecer espiritualmente y caminar en libertad: \u00a1Hazte miembro o dona hoy mismo y caminemos juntos en [&hellip;]","og_url":"https:\/\/liberacionprogresiva.com\/en\/hazte-parte-de-nosotras\/","og_site_name":"Bienvenidos a Liberaci\u00f3n Progresiva","article_publisher":"https:\/\/www.facebook.com\/liberacionprogresiva","article_modified_time":"2024-10-24T02:22:24+00:00","twitter_card":"summary_large_image","twitter_misc":{"Est. reading time":"1 minute"},"schema":{"@context":"https:\/\/schema.org","@graph":[{"@type":"WebPage","@id":"https:\/\/liberacionprogresiva.com\/hazte-parte-de-nosotras\/","url":"https:\/\/liberacionprogresiva.com\/hazte-parte-de-nosotras\/","name":"Join us - Welcome to Progressive Liberation","isPartOf":{"@id":"https:\/\/liberacionprogresiva.com\/#website"},"datePublished":"2024-10-24T02:19:09+00:00","dateModified":"2024-10-24T02:22:24+00:00","breadcrumb":{"@id":"https:\/\/liberacionprogresiva.com\/hazte-parte-de-nosotras\/#breadcrumb"},"inLanguage":"en-US","potentialAction":[{"@type":"ReadAction","target":["https:\/\/liberacionprogresiva.com\/hazte-parte-de-nosotras\/"]}]},{"@type":"BreadcrumbList","@id":"https:\/\/liberacionprogresiva.com\/hazte-parte-de-nosotras\/#breadcrumb","itemListElement":[{"@type":"ListItem","position":1,"name":"Home","item":"https:\/\/liberacionprogresiva.com\/"},{"@type":"ListItem","position":2,"name":"Hazte parte de nosotras"}]},{"@type":"WebSite","@id":"https:\/\/liberacionprogresiva.com\/#website","url":"https:\/\/liberacionprogresiva.com\/","name":"Progressive Release","description":"Progressive Release","publisher":{"@id":"https:\/\/liberacionprogresiva.com\/#organization"},"potentialAction":[{"@type":"SearchAction","target":{"@type":"EntryPoint","urlTemplate":"https:\/\/liberacionprogresiva.com\/?s={search_term_string}"},"query-input":{"@type":"PropertyValueSpecification","valueRequired":true,"valueName":"search_term_string"}}],"inLanguage":"en-US"},{"@type":"Organization","@id":"https:\/\/liberacionprogresiva.com\/#organization","name":"Progressive Release","url":"https:\/\/liberacionprogresiva.com\/","logo":{"@type":"ImageObject","inLanguage":"en-US","@id":"https:\/\/liberacionprogresiva.com\/#\/schema\/logo\/image\/","url":"https:\/\/i0.wp.com\/liberacionprogresiva.com\/wp-content\/uploads\/2024\/10\/Liberacion-Progresiva-Pastor-Omar-Figueras-liberacionprogresiva-doxidonut-1-1.png?fit=2000%2C2000&ssl=1","contentUrl":"https:\/\/i0.wp.com\/liberacionprogresiva.com\/wp-content\/uploads\/2024\/10\/Liberacion-Progresiva-Pastor-Omar-Figueras-liberacionprogresiva-doxidonut-1-1.png?fit=2000%2C2000&ssl=1","width":2000,"height":2000,"caption":"Liberaci\u00f3n Progresiva"},"image":{"@id":"https:\/\/liberacionprogresiva.com\/#\/schema\/logo\/image\/"},"sameAs":["https:\/\/www.facebook.com\/liberacionprogresiva","https:\/\/www.t.me\/liberacionprogresiva","https:\/\/www.instagram.com\/liberacionprogresiva","https:\/\/www.pinterest.com\/liberacionprogresiva","https:\/\/www.linkedin.com\/in\/liberacionprogresiva","https:\/\/www.tumblr.com\/liberacionprogresiva"]}]}},"jetpack_sharing_enabled":true,"_links":{"self":[{"href":"https:\/\/liberacionprogresiva.com\/en\/wp-json\/wp\/v2\/pages\/205","targetHints":{"allow":["GET"]}}],"collection":[{"href":"https:\/\/liberacionprogresiva.com\/en\/wp-json\/wp\/v2\/pages"}],"about":[{"href":"https:\/\/liberacionprogresiva.com\/en\/wp-json\/wp\/v2\/types\/page"}],"author":[{"embeddable":true,"href":"https:\/\/liberacionprogresiva.com\/en\/wp-json\/wp\/v2\/users\/1"}],"replies":[{"embeddable":true,"href":"https:\/\/liberacionprogresiva.com\/en\/wp-json\/wp\/v2\/comments?post=205"}],"version-history":[{"count":4,"href":"https:\/\/liberacionprogresiva.com\/en\/wp-json\/wp\/v2\/pages\/205\/revisions"}],"predecessor-version":[{"id":226,"href":"https:\/\/liberacionprogresiva.com\/en\/wp-json\/wp\/v2\/pages\/205\/revisions\/226"}],"wp:attachment":[{"href":"https:\/\/liberacionprogresiva.com\/en\/wp-json\/wp\/v2\/media?parent=205"}],"curies":[{"name":"wp","href":"https:\/\/api.w.org\/{rel}","templated":true}]}}